{"id":42,"date":"2024-08-10T15:03:05","date_gmt":"2024-08-10T15:03:05","guid":{"rendered":"http:\/\/timetohug.local\/home\/"},"modified":"2024-12-12T16:29:17","modified_gmt":"2024-12-12T16:29:17","slug":"home","status":"publish","type":"page","link":"https:\/\/www.timetohug.eu\/en\/","title":{"rendered":""},"content":{"rendered":"<div class=\"gb-container gb-container-79e3a870 alignfull\" style=\"--background-image: url(https:\/\/www.timetohug.eu\/wp-content\/uploads\/2024\/09\/hero-resized.jpg);\">\n<div class=\"gb-container gb-container-131e5ad5\">\n\n<h1 class=\"gb-headline gb-headline-f86980e3 gb-headline-text\">Discover Your Tango<\/h1>\n\n\n\n<h2 class=\"gb-headline gb-headline-0b1527d1 gb-headline-text\">Book a private lesson with us.<\/h2>\n\n\n\n<a class=\"gb-button gb-button-bca859dd gb-button-text\" href=\"http:\/\/timetohug.eu\/contact\/\">Book now<\/a>\n\n<\/div>\n<\/div>\n\n<div class=\"gb-container gb-container-50679c1c alignwide\">\n\n<h2 class=\"gb-headline gb-headline-2277e57b gb-headline-text\">Get started:<\/h2>\n\n\n<div class=\"gb-grid-wrapper gb-grid-wrapper-7d8264a1\">\n<div class=\"gb-grid-column gb-grid-column-d4b0df6e\"><div class=\"gb-container gb-container-d4b0df6e\">\n\n<h2 class=\"gb-headline gb-headline-907468dc gb-headline-text\">Private class<\/h2>\n\n\n\n<h2 class=\"gb-headline gb-headline-65e4f063 gb-headline-text\">One-on-one attention will bring you desired results faster than any other method, whether you are a beginner or an advanced dancer. Private Lessons are for 1 or 2 students, and are available 7 days a week.<\/h2>\n\n\n\n<div class=\"wp-block-group is-layout-grid wp-container-core-group-is-layout-1 wp-block-group-is-layout-grid\">\n<a class=\"gb-button gb-button-6c325462 gb-button-text\" href=\"http:\/\/timetohug.eu\/privates\/\">Discover more<\/a>\n<\/div>\n\n<\/div><\/div>\n\n<div class=\"gb-grid-column gb-grid-column-fdf16686\"><div class=\"gb-container gb-container-fdf16686\">\n\n<h2 class=\"gb-headline gb-headline-156b4dde gb-headline-text\">&#8216;M\u00f4\u017ee by\u0165&#8217; &#8211; drop in<\/h2>\n\n\n\n<h2 class=\"gb-headline gb-headline-f326e1d5 gb-headline-text\">A weekly open topic drop in session + practica. Regular group session, that is ideal for busy individuals who still want to work on their tango in a custom tailored and personalized fashion. <\/h2>\n\n\n\n<div class=\"wp-block-group is-layout-grid wp-container-core-group-is-layout-2 wp-block-group-is-layout-grid\">\n<a class=\"gb-button gb-button-7590ba1f gb-button-text\" href=\"http:\/\/timetohug.eu\/drop-in\/\">Discover more<\/a>\n<\/div>\n\n<\/div><\/div>\n\n<div class=\"gb-grid-column gb-grid-column-e4efbb16\"><div class=\"gb-container gb-container-e4efbb16\">\n\n<h2 class=\"gb-headline gb-headline-2a821fa6 gb-headline-text\">Custom tango experience<\/h2>\n\n\n\n<h2 class=\"gb-headline gb-headline-fca7f895 gb-headline-text\">Elevate your corporate wellness program with our custom tango lessons, designed specifically for small groups. No dance experience necessary.<\/h2>\n\n\n\n<div class=\"wp-block-group is-layout-grid wp-container-core-group-is-layout-3 wp-block-group-is-layout-grid\">\n<a class=\"gb-button gb-button-4c4702ab gb-button-text\" href=\"http:\/\/timetohug.eu\/custom-tango-experience\/\">Discover more<\/a>\n<\/div>\n\n<\/div><\/div>\n<\/div>\n\n<div class=\"gb-grid-wrapper gb-grid-wrapper-9744c29f\">\n<div class=\"gb-grid-column gb-grid-column-59315379\"><div class=\"gb-container gb-container-59315379\"><\/div><\/div>\n\n<div class=\"gb-grid-column gb-grid-column-6bbcde1c\"><div class=\"gb-container gb-container-6bbcde1c\"><\/div><\/div>\n\n<div class=\"gb-grid-column gb-grid-column-ebb9df36\"><div class=\"gb-container gb-container-ebb9df36\"><\/div><\/div>\n<\/div>\n<\/div>\n\n<div class=\"gb-container gb-container-f595e684 alignwide\">\n\n<h2 class=\"gb-headline gb-headline-02488e3a gb-headline-text\">Testimonials:<\/h2>\n\n\n<div id=\"gutenslider-pf6dg9mpp\" class=\"wp-block-eedee-block-gutenslider gs-frontend content-change alignnone adaptive-height arrow-style-1 arrow-position-sides arrow-mb-none arrows-lg arrows-md arrows-sm dot-style-1 dots-lg-none dots-md-none dots-sm-none dot-position-bottom is-position-center-center ed-mobile-hidden mb-none wrap-auto-height\" data-parallax-direction=\"down\" data-parallax-amount=\"1.3\" data-lg-transition=\"lg-slide\" data-hash=\"\" ><div class=\"eedee-swiper-outer\" style=\"--gutenslider-min-height: 10vh;--gutenslider-arrow-size: 103px;--gutenslider-dot-size: 25px;--gutenslider-arrow-color: #000000;--gutenslider-dot-color: #000000;--gutenslider-padding-y-mobile: 40px;--gutenslider-padding-x-mobile: 40px;--gutenslider-padding-y-tablet: 40px;--gutenslider-padding-x-tablet: 40px;--gutenslider-padding-y-desktop: 40px;--gutenslider-padding-x-desktop: 40px;--gutenslider-bg-image: url();--gutenslider-min-height-md: 50vh;--gutenslider-min-height-sm: 50vh;--gutenslider-padding-x: 40px;--gutenslider-padding-x-md: 40px;--gutenslider-padding-x-sm: 20px;--gutenslider-padding-y: 40px;--gutenslider-padding-y-md: 40px;--gutenslider-padding-y-sm: 20px;--gutenslider-arrow-size-md: 103px;--gutenslider-arrow-size-sm: 103px;--gutenslider-dot-size-md: 25px;--gutenslider-dot-size-sm: 25px;--gutenslider-arrow-bg-color: transparent;--gutenslider-arrow-hover-color: #000000bb;--gutenslider-arrow-bg-hover-color: transparent;--gutenslider-arrow-x-offset: 10px;--gutenslider-arrow-x-offset-md: 10px;--gutenslider-arrow-x-offset-sm: 10px;--gutenslider-arrow-y-offset: 0px;--gutenslider-arrow-y-offset-md: 0px;--gutenslider-arrow-y-offset-sm: 0px;--gutenslider-arrow-x-spacing: 0px;--gutenslider-dot-y-offset: 10px;--gutenslider-dot-y-offset-md: 10px;--gutenslider-dot-y-offset-sm: 10px;--gutenslider-margin-x: 0px;--gutenslider-margin-x-md: 0px;--gutenslider-margin-x-sm: 0px;--gutenslider-margin-y: 0px;--gutenslider-margin-y-md: 0px;--gutenslider-margin-y-sm: 0px;--gutenslider-divider-top: 60px;--gutenslider-divider-bottom: 60px;--gutenslider-lightgallery-bg: #ffffff;--gutenslider-lightgallery-font: #000000;--gs-first-pos: 50% 50%;--gs-gap-vertical: var( --wp--style--gallery-gap-default, var( --gallery-block--gutter-size, var( --wp--style--block-gap, 0.5em ) ) );--gs-gap-horizontal: var( --wp--style--gallery-gap-default, var( --gallery-block--gutter-size, var( --wp--style--block-gap, 0.5em ) ) );\"><div class=\"gutenslider-divider-top\" style=\"color:#fff;\"><\/div><div class=\"swiper\" data-settings='{\"autoplay\":{\"delay\":3000,\"pauseOnMouseEnter\":true,\"disableOnInteraction\":false},\"speed\":700,\"direction\":\"horizontal\",\"autoHeight\":\"\",\"loop\":true,\"centeredSlides\":true,\"spaceBetween\":0,\"slidesPerView\":1,\"slidesPerGroup\":1,\"effect\":\"slide\",\"coverflowEffect\":{\"rotate\":30,\"slideShadows\":false,\"depth\":100,\"stretch\":50,\"modifier\":1},\"fadeEffect\":{\"crossFade\":true},\"zoom\":\"\",\"navigation\":{\"nextEl\":\"#gutenslider-pf6dg9mpp .eedee-gutenslider-next\",\"prevEl\":\"#gutenslider-pf6dg9mpp .eedee-gutenslider-prev\"},\"pagination\":{\"type\":\"bullets\",\"clickable\":true,\"dynamicBullets\":false,\"el\":\"#gutenslider-pf6dg9mpp .eedee-gutenslider-pagination\"},\"pauseOnHover\":\"1\",\"watchSlidesProgress\":true,\"watchSlidesVisibility\":true,\"settingsMd\":{\"autoHeight\":\"\",\"slidesPerView\":1,\"slidesPerGroup\":1,\"spaceBetween\":0,\"loop\":true},\"settingsLg\":{\"autoHeight\":\"1\",\"slidesPerView\":1,\"slidesPerGroup\":1,\"spaceBetween\":0,\"loop\":true},\"hasLg\":false,\"hasLgCounter\":true,\"isFullScreen\":false,\"arrowsFollowMouse\":false,\"lgTitle\":\"none\",\"lgCaption\":\"none\",\"lgThumbnails\":true,\"lgZoomEnabled\":false,\"keyboard\":{\"keyboard\":{\"enabled\":true,\"onlyInViewport\":true}},\"hashNavigation\":false,\"dividers\":false}'><div class=\"swiper-wrapper\">\n<div class=\"swiper-slide wp-block-eedee-block-gutenslide is-position-center-center ed-bg-none\" style=\"--slide-min-width:80%;\" data-hash=\"\"><div class=\"eedee-background-div no-media-background\"><div class=\"eedee-background-div__overlay\" style=\"opacity:1;\"><\/div><\/div><div class=\"slide-content\">\n\n<h2 class=\"gb-headline gb-headline-871ea149 gb-headline-text\">Ane\u017eka<\/h2>\n\n\n\n<h2 class=\"gb-headline gb-headline-7d77d92b gb-headline-text\">Peter &amp; Song live tango as a philosophy, the essence of which is to create and experience an encounter that allows for deeper understanding of oneself and the world around us. This is why their approach is truly unique and sensitive to the individual they work with. They embody a curious, open, and intuitive approach to tango that allows for experimentation and freedom. And that\u2019s what tango is \u2013 an encounter in freedom and in acceptance of who we are and who we have the potential to become. I highly recommend their individual lessons; you will enjoy it and look forward to continuing your tango journey. \ud83d\ude09<\/h2>\n\n<\/div><\/div>\n\n<div class=\"swiper-slide wp-block-eedee-block-gutenslide is-position-center-center ed-bg-none\" style=\"--slide-min-width:80%;\" data-hash=\"\"><div class=\"eedee-background-div no-media-background\"><div class=\"eedee-background-div__overlay\" style=\"opacity:1;\"><\/div><\/div><div class=\"slide-content\">\n\n<h2 class=\"gb-headline gb-headline-1335ec45 gb-headline-text\">Nicolas<\/h2>\n\n\n\n<h2 class=\"gb-headline gb-headline-881c71b6 gb-headline-text\">The great thing about Peter and Song is, that they are focusing more on the underlying principles rather than than figures. They helped me to improve my embrace and the comfortability of my walk. Some of such improvements were often found unexpectedly. A crucial piece of knowledge just appeared and had little to do with the topic of the lesson. This is my favorite part of their teaching and I believe such discoveries will happen also in their new drop-in lessons.<br><br>I already attended one and found it enriching. It&#8217;s quite cool that one can participate in topic selection. And so, we chose backcrosses. I liked that there were no figures, only the backcrosses. Their different shapes and sizes, how to lead them differently, or how to enter and exit them differently. Great lesson, I will attend next ones as well.<\/h2>\n\n<\/div><\/div>\n<\/div><\/div><button class=\"eedee-gutenslider-nav eedee-gutenslider-prev\"><svg xmlns=\"http:\/\/www.w3.org\/2000\/svg\" viewBox=\"0 0 24 24\" width=\"24\" height=\"24\"><circle class=\"bg\" cx=\"13\" cy=\"12\" r=\"11\" \/><path fill=\"none\" d=\"M0 0h24v24H0z\"\/><path class=\"arrow\" d=\"M10.828 12l4.95 4.95-1.414 1.414L8 12l6.364-6.364 1.414 1.414z\"\/><\/svg><\/button><button class=\"eedee-gutenslider-nav eedee-gutenslider-next\"><svg xmlns=\"http:\/\/www.w3.org\/2000\/svg\" viewBox=\"0 0 24 24\" width=\"24\" height=\"24\"><circle class=\"bg\" cx=\"11\" cy=\"12\" r=\"11\" \/><path fill=\"none\" d=\"M0 0h24v24H0z\"\/><path class=\"arrow\" d=\"M13.172 12l-4.95-4.95 1.414-1.414L16 12l-6.364 6.364-1.414-1.414z\"\/><\/svg><\/button><div class=\"eedee-gutenslider-pagination\"><\/div><div class=\"gutenslider-divider-bottom \" style=\"color:#fff;\"><\/div><\/div><\/div>\n<\/div>","protected":false},"excerpt":{"rendered":"<p>Discover Your Tango Book a private lesson with us. Get started: Testimonials:<\/p>\n","protected":false},"author":1,"featured_media":0,"parent":0,"menu_order":0,"comment_status":"closed","ping_status":"closed","template":"","meta":{"_monsterinsights_skip_tracking":false,"_monsterinsights_sitenote_active":false,"_monsterinsights_sitenote_note":"","_monsterinsights_sitenote_category":0,"footnotes":""},"class_list":["post-42","page","type-page","status-publish","hentry"],"yoast_head":"<!-- This site is optimized with the Yoast SEO plugin v24.5 - https:\/\/yoast.com\/wordpress\/plugins\/seo\/ -->\n<title>Time To Hug - Discover your tango<\/title>\n<meta name=\"description\" content=\"Discover your argentine tango. We invite you on a journey of exploration through tango, where personal growth and self-expression are at the heart.\" \/>\n<meta name=\"robots\" content=\"index, follow, max-snippet:-1, max-image-preview:large, max-video-preview:-1\" \/>\n<link rel=\"canonical\" href=\"https:\/\/www.timetohug.eu\/en\/\" \/>\n<meta property=\"og:locale\" content=\"en_US\" \/>\n<meta property=\"og:type\" content=\"article\" \/>\n<meta property=\"og:title\" content=\"Time To Hug - Discover your tango\" \/>\n<meta property=\"og:description\" content=\"Discover your argentine tango. We invite you on a journey of exploration through tango, where personal growth and self-expression are at the heart.\" \/>\n<meta property=\"og:url\" content=\"https:\/\/www.timetohug.eu\/en\/\" \/>\n<meta property=\"og:site_name\" content=\"time to hug\" \/>\n<meta property=\"article:modified_time\" content=\"2024-12-12T16:29:17+00:00\" \/>\n<meta name=\"twitter:card\" content=\"summary_large_image\" \/>\n<meta name=\"twitter:label1\" content=\"Est. reading time\" \/>\n\t<meta name=\"twitter:data1\" content=\"2 minutes\" \/>\n<script type=\"application\/ld+json\" class=\"yoast-schema-graph\">{\"@context\":\"https:\/\/schema.org\",\"@graph\":[{\"@type\":\"WebPage\",\"@id\":\"https:\/\/www.timetohug.eu\/\",\"url\":\"https:\/\/www.timetohug.eu\/\",\"name\":\"Time To Hug - Discover your tango\",\"isPartOf\":{\"@id\":\"https:\/\/www.timetohug.eu\/#website\"},\"datePublished\":\"2024-08-10T15:03:05+00:00\",\"dateModified\":\"2024-12-12T16:29:17+00:00\",\"description\":\"Discover your argentine tango. We invite you on a journey of exploration through tango, where personal growth and self-expression are at the heart.\",\"breadcrumb\":{\"@id\":\"https:\/\/www.timetohug.eu\/#breadcrumb\"},\"inLanguage\":\"en-US\",\"potentialAction\":[{\"@type\":\"ReadAction\",\"target\":[\"https:\/\/www.timetohug.eu\/\"]}]},{\"@type\":\"BreadcrumbList\",\"@id\":\"https:\/\/www.timetohug.eu\/#breadcrumb\",\"itemListElement\":[{\"@type\":\"ListItem\",\"position\":1,\"name\":\"Home\",\"item\":\"https:\/\/www.timetohug.eu\/\"},{\"@type\":\"ListItem\",\"position\":2,\"name\":\"Time to hug\"}]},{\"@type\":\"WebSite\",\"@id\":\"https:\/\/www.timetohug.eu\/#website\",\"url\":\"https:\/\/www.timetohug.eu\/\",\"name\":\"time to hug\",\"description\":\"an argentine tango thing\",\"publisher\":{\"@id\":\"https:\/\/www.timetohug.eu\/#organization\"},\"potentialAction\":[{\"@type\":\"SearchAction\",\"target\":{\"@type\":\"EntryPoint\",\"urlTemplate\":\"https:\/\/www.timetohug.eu\/?s={search_term_string}\"},\"query-input\":{\"@type\":\"PropertyValueSpecification\",\"valueRequired\":true,\"valueName\":\"search_term_string\"}}],\"inLanguage\":\"en-US\"},{\"@type\":\"Organization\",\"@id\":\"https:\/\/www.timetohug.eu\/#organization\",\"name\":\"time to hug\",\"url\":\"https:\/\/www.timetohug.eu\/\",\"logo\":{\"@type\":\"ImageObject\",\"inLanguage\":\"en-US\",\"@id\":\"https:\/\/www.timetohug.eu\/#\/schema\/logo\/image\/\",\"url\":\"https:\/\/www.timetohug.eu\/wp-content\/uploads\/2024\/09\/time-to-hug-transparent-1.png\",\"contentUrl\":\"https:\/\/www.timetohug.eu\/wp-content\/uploads\/2024\/09\/time-to-hug-transparent-1.png\",\"width\":2048,\"height\":512,\"caption\":\"time to hug\"},\"image\":{\"@id\":\"https:\/\/www.timetohug.eu\/#\/schema\/logo\/image\/\"}}]}<\/script>\n<!-- \/ Yoast SEO plugin. -->","yoast_head_json":{"title":"Time To Hug - Discover your tango","description":"Discover your argentine tango. We invite you on a journey of exploration through tango, where personal growth and self-expression are at the heart.","robots":{"index":"index","follow":"follow","max-snippet":"max-snippet:-1","max-image-preview":"max-image-preview:large","max-video-preview":"max-video-preview:-1"},"canonical":"https:\/\/www.timetohug.eu\/en\/","og_locale":"en_US","og_type":"article","og_title":"Time To Hug - Discover your tango","og_description":"Discover your argentine tango. We invite you on a journey of exploration through tango, where personal growth and self-expression are at the heart.","og_url":"https:\/\/www.timetohug.eu\/en\/","og_site_name":"time to hug","article_modified_time":"2024-12-12T16:29:17+00:00","twitter_card":"summary_large_image","twitter_misc":{"Est. reading time":"2 minutes"},"schema":{"@context":"https:\/\/schema.org","@graph":[{"@type":"WebPage","@id":"https:\/\/www.timetohug.eu\/","url":"https:\/\/www.timetohug.eu\/","name":"Time To Hug - Discover your tango","isPartOf":{"@id":"https:\/\/www.timetohug.eu\/#website"},"datePublished":"2024-08-10T15:03:05+00:00","dateModified":"2024-12-12T16:29:17+00:00","description":"Discover your argentine tango. We invite you on a journey of exploration through tango, where personal growth and self-expression are at the heart.","breadcrumb":{"@id":"https:\/\/www.timetohug.eu\/#breadcrumb"},"inLanguage":"en-US","potentialAction":[{"@type":"ReadAction","target":["https:\/\/www.timetohug.eu\/"]}]},{"@type":"BreadcrumbList","@id":"https:\/\/www.timetohug.eu\/#breadcrumb","itemListElement":[{"@type":"ListItem","position":1,"name":"Home","item":"https:\/\/www.timetohug.eu\/"},{"@type":"ListItem","position":2,"name":"Time to hug"}]},{"@type":"WebSite","@id":"https:\/\/www.timetohug.eu\/#website","url":"https:\/\/www.timetohug.eu\/","name":"time to hug","description":"an argentine tango thing","publisher":{"@id":"https:\/\/www.timetohug.eu\/#organization"},"potentialAction":[{"@type":"SearchAction","target":{"@type":"EntryPoint","urlTemplate":"https:\/\/www.timetohug.eu\/?s={search_term_string}"},"query-input":{"@type":"PropertyValueSpecification","valueRequired":true,"valueName":"search_term_string"}}],"inLanguage":"en-US"},{"@type":"Organization","@id":"https:\/\/www.timetohug.eu\/#organization","name":"time to hug","url":"https:\/\/www.timetohug.eu\/","logo":{"@type":"ImageObject","inLanguage":"en-US","@id":"https:\/\/www.timetohug.eu\/#\/schema\/logo\/image\/","url":"https:\/\/www.timetohug.eu\/wp-content\/uploads\/2024\/09\/time-to-hug-transparent-1.png","contentUrl":"https:\/\/www.timetohug.eu\/wp-content\/uploads\/2024\/09\/time-to-hug-transparent-1.png","width":2048,"height":512,"caption":"time to hug"},"image":{"@id":"https:\/\/www.timetohug.eu\/#\/schema\/logo\/image\/"}}]}},"_links":{"self":[{"href":"https:\/\/www.timetohug.eu\/en\/wp-json\/wp\/v2\/pages\/42"}],"collection":[{"href":"https:\/\/www.timetohug.eu\/en\/wp-json\/wp\/v2\/pages"}],"about":[{"href":"https:\/\/www.timetohug.eu\/en\/wp-json\/wp\/v2\/types\/page"}],"author":[{"embeddable":true,"href":"https:\/\/www.timetohug.eu\/en\/wp-json\/wp\/v2\/users\/1"}],"replies":[{"embeddable":true,"href":"https:\/\/www.timetohug.eu\/en\/wp-json\/wp\/v2\/comments?post=42"}],"version-history":[{"count":5,"href":"https:\/\/www.timetohug.eu\/en\/wp-json\/wp\/v2\/pages\/42\/revisions"}],"predecessor-version":[{"id":1486,"href":"https:\/\/www.timetohug.eu\/en\/wp-json\/wp\/v2\/pages\/42\/revisions\/1486"}],"wp:attachment":[{"href":"https:\/\/www.timetohug.eu\/en\/wp-json\/wp\/v2\/media?parent=42"}],"curies":[{"name":"wp","href":"https:\/\/api.w.org\/{rel}","templated":true}]}}