{"id":1189,"date":"2024-08-11T15:25:52","date_gmt":"2024-08-11T15:25:52","guid":{"rendered":"http:\/\/timetohug.local\/?page_id=1189"},"modified":"2024-09-03T15:07:02","modified_gmt":"2024-09-03T15:07:02","slug":"what-we-do","status":"publish","type":"page","link":"https:\/\/www.timetohug.eu\/sk\/what-we-do\/","title":{"rendered":""},"content":{"rendered":"<div class=\"gb-container gb-container-12a4eca3\">\n\n<h2 class=\"gb-headline gb-headline-99cc06ff gb-headline-text\">\u010do rob\u00edme<\/h2>\n\n\n\n<figure class=\"gb-block-image gb-block-image-cd099604\"><img loading=\"lazy\" decoding=\"async\" width=\"300\" height=\"300\" class=\"gb-image gb-image-cd099604\" src=\"https:\/\/www.timetohug.eu\/wp-content\/uploads\/2024\/09\/Logo-512-transparent-300x300.png\" alt=\"\" title=\"Logo-512-transparent\" srcset=\"\" sizes=\"(max-width: 300px) 100vw, 300px\" data-srcset=\"\" \/><\/figure>\n\n\n\n<h2 class=\"gb-headline gb-headline-2920791f gb-headline-text\">Chceme \u0165a pozva\u0165 na objavn\u00fa a dobrodru\u017en\u00fa cestu prostredn\u00edctvom argent\u00ednskeho tanga, kde jadrom z\u00e1\u017eitku je osobnostn\u00fd rast a sebavyjadrenie.<br><br>Cez citliv\u00fd a osobn\u00fd pr\u00edstup ti pom\u00f4\u017eeme odhali\u0165 tie najpodstatnej\u0161ie a najvz\u00e1cnej\u0161ie prvky tanga: objatie a spojenie.<br><br>Kladen\u00edm d\u00f4razu na d\u00f4le\u017eitos\u0165 pohodln\u00e9ho kr\u00e1\u010dania na hudbu namiesto zlo\u017eit\u00fdch pohybov a sekvenci\u00ed, \u0165a budeme sprev\u00e1dza\u0165 pri objavovan\u00ed tvojho jedine\u010dn\u00e9ho tanga a pri vyjadren\u00ed tvojej osobnosti prostredn\u00edctvom hudby a nespo\u010detn\u00fdch mo\u017enost\u00ed, ktor\u00e9 tento tanec pon\u00faka.<\/h2>\n\n\n\n<figure class=\"wp-block-gallery has-nested-images columns-2 is-cropped wp-block-gallery-1 is-layout-flex wp-block-gallery-is-layout-flex\">\n<figure class=\"wp-block-image size-large\"><img loading=\"lazy\" decoding=\"async\" width=\"1024\" height=\"576\" src=\"https:\/\/www.timetohug.eu\/wp-content\/uploads\/2024\/09\/TDS-close-embrace-2-1024x576.jpg\" alt=\"\" class=\"wp-image-1370\" srcset=\"\" sizes=\"(max-width: 1024px) 100vw, 1024px\" data-srcset=\"\" \/><\/figure>\n\n\n\n<figure class=\"wp-block-image size-large\"><img loading=\"lazy\" decoding=\"async\" width=\"1024\" height=\"576\" src=\"https:\/\/www.timetohug.eu\/wp-content\/uploads\/2024\/09\/TDS-find-you_space-1024x576.jpg\" alt=\"\" class=\"wp-image-1372\" srcset=\"\" sizes=\"(max-width: 1024px) 100vw, 1024px\" data-srcset=\"\" \/><\/figure>\n\n\n\n<figure class=\"wp-block-image size-large\"><img loading=\"lazy\" decoding=\"async\" width=\"1024\" height=\"576\" src=\"https:\/\/www.timetohug.eu\/wp-content\/uploads\/2024\/09\/TDS-face-2-face-1024x576.jpg\" alt=\"\" class=\"wp-image-1371\" srcset=\"\" sizes=\"(max-width: 1024px) 100vw, 1024px\" data-srcset=\"\" \/><\/figure>\n\n\n\n<figure class=\"wp-block-image size-large\"><img loading=\"lazy\" decoding=\"async\" width=\"1024\" height=\"576\" src=\"https:\/\/www.timetohug.eu\/wp-content\/uploads\/2024\/09\/TDS-close-embrace-Copy-1024x576.jpg\" alt=\"\" class=\"wp-image-1369\" srcset=\"\" sizes=\"(max-width: 1024px) 100vw, 1024px\" data-srcset=\"\" \/><\/figure>\n<\/figure>\n\n<\/div>","protected":false},"excerpt":{"rendered":"<p>what we do This is an invitation to a journey of exploration and adventure through argentine tango, where personal growth and self-expression are at the heart of the experience. Offering an intimate and personalized approach, we help you uncover the most essential and precious elements of tango: the embrace and connection. By highlighting the significance [&hellip;]<\/p>","protected":false},"author":1,"featured_media":0,"parent":0,"menu_order":0,"comment_status":"closed","ping_status":"closed","template":"","meta":{"_monsterinsights_skip_tracking":false,"_monsterinsights_sitenote_active":false,"_monsterinsights_sitenote_note":"","_monsterinsights_sitenote_category":0,"footnotes":""},"class_list":["post-1189","page","type-page","status-publish","hentry"],"yoast_head":"<!-- This site is optimized with the Yoast SEO plugin v24.5 - https:\/\/yoast.com\/wordpress\/plugins\/seo\/ -->\n<title>what we do - time to hug<\/title>\n<meta name=\"robots\" content=\"index, follow, max-snippet:-1, max-image-preview:large, max-video-preview:-1\" \/>\n<link rel=\"canonical\" href=\"https:\/\/www.timetohug.eu\/sk\/what-we-do\/\" \/>\n<meta property=\"og:locale\" content=\"sk_SK\" \/>\n<meta property=\"og:type\" content=\"article\" \/>\n<meta property=\"og:title\" content=\"what we do - time to hug\" \/>\n<meta property=\"og:description\" content=\"what we do This is an invitation to a journey of exploration and adventure through argentine tango, where personal growth and self-expression are at the heart of the experience. Offering an intimate and personalized approach, we help you uncover the most essential and precious elements of tango: the embrace and connection. By highlighting the significance [&hellip;]\" \/>\n<meta property=\"og:url\" content=\"https:\/\/www.timetohug.eu\/sk\/what-we-do\/\" \/>\n<meta property=\"og:site_name\" content=\"time to hug\" \/>\n<meta property=\"article:modified_time\" content=\"2024-09-03T15:07:02+00:00\" \/>\n<meta property=\"og:image\" content=\"https:\/\/www.timetohug.eu\/wp-content\/uploads\/2024\/09\/Logo-512-transparent-300x300.png\" \/>\n<meta name=\"twitter:card\" content=\"summary_large_image\" \/>\n<meta name=\"twitter:label1\" content=\"Predpokladan\u00fd \u010das \u010d\u00edtania\" \/>\n\t<meta name=\"twitter:data1\" content=\"2 min\u00faty\" \/>\n<script type=\"application\/ld+json\" class=\"yoast-schema-graph\">{\"@context\":\"https:\/\/schema.org\",\"@graph\":[{\"@type\":\"WebPage\",\"@id\":\"https:\/\/www.timetohug.eu\/what-we-do\/\",\"url\":\"https:\/\/www.timetohug.eu\/what-we-do\/\",\"name\":\"what we do - time to hug\",\"isPartOf\":{\"@id\":\"https:\/\/www.timetohug.eu\/#website\"},\"primaryImageOfPage\":{\"@id\":\"https:\/\/www.timetohug.eu\/what-we-do\/#primaryimage\"},\"image\":{\"@id\":\"https:\/\/www.timetohug.eu\/what-we-do\/#primaryimage\"},\"thumbnailUrl\":\"https:\/\/www.timetohug.eu\/wp-content\/uploads\/2024\/09\/Logo-512-transparent-300x300.png\",\"datePublished\":\"2024-08-11T15:25:52+00:00\",\"dateModified\":\"2024-09-03T15:07:02+00:00\",\"breadcrumb\":{\"@id\":\"https:\/\/www.timetohug.eu\/what-we-do\/#breadcrumb\"},\"inLanguage\":\"sk-SK\",\"potentialAction\":[{\"@type\":\"ReadAction\",\"target\":[\"https:\/\/www.timetohug.eu\/what-we-do\/\"]}]},{\"@type\":\"ImageObject\",\"inLanguage\":\"sk-SK\",\"@id\":\"https:\/\/www.timetohug.eu\/what-we-do\/#primaryimage\",\"url\":\"https:\/\/www.timetohug.eu\/wp-content\/uploads\/2024\/09\/Logo-512-transparent-300x300.png\",\"contentUrl\":\"https:\/\/www.timetohug.eu\/wp-content\/uploads\/2024\/09\/Logo-512-transparent-300x300.png\"},{\"@type\":\"BreadcrumbList\",\"@id\":\"https:\/\/www.timetohug.eu\/what-we-do\/#breadcrumb\",\"itemListElement\":[{\"@type\":\"ListItem\",\"position\":1,\"name\":\"Home\",\"item\":\"https:\/\/www.timetohug.eu\/\"},{\"@type\":\"ListItem\",\"position\":2,\"name\":\"what we do\"}]},{\"@type\":\"WebSite\",\"@id\":\"https:\/\/www.timetohug.eu\/#website\",\"url\":\"https:\/\/www.timetohug.eu\/\",\"name\":\"time to hug\",\"description\":\"an argentine tango thing\",\"publisher\":{\"@id\":\"https:\/\/www.timetohug.eu\/#organization\"},\"potentialAction\":[{\"@type\":\"SearchAction\",\"target\":{\"@type\":\"EntryPoint\",\"urlTemplate\":\"https:\/\/www.timetohug.eu\/?s={search_term_string}\"},\"query-input\":{\"@type\":\"PropertyValueSpecification\",\"valueRequired\":true,\"valueName\":\"search_term_string\"}}],\"inLanguage\":\"sk-SK\"},{\"@type\":\"Organization\",\"@id\":\"https:\/\/www.timetohug.eu\/#organization\",\"name\":\"time to hug\",\"url\":\"https:\/\/www.timetohug.eu\/\",\"logo\":{\"@type\":\"ImageObject\",\"inLanguage\":\"sk-SK\",\"@id\":\"https:\/\/www.timetohug.eu\/#\/schema\/logo\/image\/\",\"url\":\"https:\/\/www.timetohug.eu\/wp-content\/uploads\/2024\/09\/time-to-hug-transparent-1.png\",\"contentUrl\":\"https:\/\/www.timetohug.eu\/wp-content\/uploads\/2024\/09\/time-to-hug-transparent-1.png\",\"width\":2048,\"height\":512,\"caption\":\"time to hug\"},\"image\":{\"@id\":\"https:\/\/www.timetohug.eu\/#\/schema\/logo\/image\/\"}}]}<\/script>\n<!-- \/ Yoast SEO plugin. -->","yoast_head_json":{"title":"what we do - time to hug","robots":{"index":"index","follow":"follow","max-snippet":"max-snippet:-1","max-image-preview":"max-image-preview:large","max-video-preview":"max-video-preview:-1"},"canonical":"https:\/\/www.timetohug.eu\/sk\/what-we-do\/","og_locale":"sk_SK","og_type":"article","og_title":"what we do - time to hug","og_description":"what we do This is an invitation to a journey of exploration and adventure through argentine tango, where personal growth and self-expression are at the heart of the experience. Offering an intimate and personalized approach, we help you uncover the most essential and precious elements of tango: the embrace and connection. By highlighting the significance [&hellip;]","og_url":"https:\/\/www.timetohug.eu\/sk\/what-we-do\/","og_site_name":"time to hug","article_modified_time":"2024-09-03T15:07:02+00:00","og_image":[{"url":"https:\/\/www.timetohug.eu\/wp-content\/uploads\/2024\/09\/Logo-512-transparent-300x300.png","type":"","width":"","height":""}],"twitter_card":"summary_large_image","twitter_misc":{"Predpokladan\u00fd \u010das \u010d\u00edtania":"2 min\u00faty"},"schema":{"@context":"https:\/\/schema.org","@graph":[{"@type":"WebPage","@id":"https:\/\/www.timetohug.eu\/what-we-do\/","url":"https:\/\/www.timetohug.eu\/what-we-do\/","name":"what we do - time to hug","isPartOf":{"@id":"https:\/\/www.timetohug.eu\/#website"},"primaryImageOfPage":{"@id":"https:\/\/www.timetohug.eu\/what-we-do\/#primaryimage"},"image":{"@id":"https:\/\/www.timetohug.eu\/what-we-do\/#primaryimage"},"thumbnailUrl":"https:\/\/www.timetohug.eu\/wp-content\/uploads\/2024\/09\/Logo-512-transparent-300x300.png","datePublished":"2024-08-11T15:25:52+00:00","dateModified":"2024-09-03T15:07:02+00:00","breadcrumb":{"@id":"https:\/\/www.timetohug.eu\/what-we-do\/#breadcrumb"},"inLanguage":"sk-SK","potentialAction":[{"@type":"ReadAction","target":["https:\/\/www.timetohug.eu\/what-we-do\/"]}]},{"@type":"ImageObject","inLanguage":"sk-SK","@id":"https:\/\/www.timetohug.eu\/what-we-do\/#primaryimage","url":"https:\/\/www.timetohug.eu\/wp-content\/uploads\/2024\/09\/Logo-512-transparent-300x300.png","contentUrl":"https:\/\/www.timetohug.eu\/wp-content\/uploads\/2024\/09\/Logo-512-transparent-300x300.png"},{"@type":"BreadcrumbList","@id":"https:\/\/www.timetohug.eu\/what-we-do\/#breadcrumb","itemListElement":[{"@type":"ListItem","position":1,"name":"Home","item":"https:\/\/www.timetohug.eu\/"},{"@type":"ListItem","position":2,"name":"what we do"}]},{"@type":"WebSite","@id":"https:\/\/www.timetohug.eu\/#website","url":"https:\/\/www.timetohug.eu\/","name":"time to hug","description":"an argentine tango thing","publisher":{"@id":"https:\/\/www.timetohug.eu\/#organization"},"potentialAction":[{"@type":"SearchAction","target":{"@type":"EntryPoint","urlTemplate":"https:\/\/www.timetohug.eu\/?s={search_term_string}"},"query-input":{"@type":"PropertyValueSpecification","valueRequired":true,"valueName":"search_term_string"}}],"inLanguage":"sk-SK"},{"@type":"Organization","@id":"https:\/\/www.timetohug.eu\/#organization","name":"time to hug","url":"https:\/\/www.timetohug.eu\/","logo":{"@type":"ImageObject","inLanguage":"sk-SK","@id":"https:\/\/www.timetohug.eu\/#\/schema\/logo\/image\/","url":"https:\/\/www.timetohug.eu\/wp-content\/uploads\/2024\/09\/time-to-hug-transparent-1.png","contentUrl":"https:\/\/www.timetohug.eu\/wp-content\/uploads\/2024\/09\/time-to-hug-transparent-1.png","width":2048,"height":512,"caption":"time to hug"},"image":{"@id":"https:\/\/www.timetohug.eu\/#\/schema\/logo\/image\/"}}]}},"_links":{"self":[{"href":"https:\/\/www.timetohug.eu\/sk\/wp-json\/wp\/v2\/pages\/1189"}],"collection":[{"href":"https:\/\/www.timetohug.eu\/sk\/wp-json\/wp\/v2\/pages"}],"about":[{"href":"https:\/\/www.timetohug.eu\/sk\/wp-json\/wp\/v2\/types\/page"}],"author":[{"embeddable":true,"href":"https:\/\/www.timetohug.eu\/sk\/wp-json\/wp\/v2\/users\/1"}],"replies":[{"embeddable":true,"href":"https:\/\/www.timetohug.eu\/sk\/wp-json\/wp\/v2\/comments?post=1189"}],"version-history":[{"count":0,"href":"https:\/\/www.timetohug.eu\/sk\/wp-json\/wp\/v2\/pages\/1189\/revisions"}],"wp:attachment":[{"href":"https:\/\/www.timetohug.eu\/sk\/wp-json\/wp\/v2\/media?parent=1189"}],"curies":[{"name":"wp","href":"https:\/\/api.w.org\/{rel}","templated":true}]}}