{"id":1191,"date":"2024-08-11T15:26:32","date_gmt":"2024-08-11T15:26:32","guid":{"rendered":"http:\/\/timetohug.local\/?page_id=1191"},"modified":"2024-09-04T11:16:33","modified_gmt":"2024-09-04T11:16:33","slug":"who-we-are","status":"publish","type":"page","link":"https:\/\/www.timetohug.eu\/sk\/who-we-are\/","title":{"rendered":""},"content":{"rendered":"<div class=\"gb-container gb-container-59378b4d\">\n\n<h2 class=\"gb-headline gb-headline-4b573f25 gb-headline-text\">kto sme<\/h2>\n\n\n<div class=\"gb-container gb-container-21684398\">\n\n<h2 class=\"gb-headline gb-headline-dacb5bac gb-headline-text\">Song a Peter pon\u00fakaj\u00fa rozmanit\u00e9 a svie\u017ee tango lekcie a workshopy v Bratislave a okol\u00ed, vr\u00e1tane hod\u00edn ur\u010den\u00fdch pre univerzitn\u00fdch \u0161tudentov a firmy. Z\u00e1rove\u0148 s\u00fa aj hrd\u00fdmi hostite\u013emi dvojt\u00fd\u017edennej nede\u013enej milongy v Bratislave, kde vytv\u00e1raj\u00fa nezabudnute\u013en\u00e9 chv\u00edle pre miestnu tango komunitu a zahrani\u010dn\u00fdch host\u00ed. Ich v\u00e1\u0161e\u0148 pre tanec a n\u00e1padit\u00e9 met\u00f3dy v\u00fdu\u010dby in\u0161piruj\u00fa a rozv\u00edjaj\u00fa rast\u00facu tango komunitu v Bratislave.<\/h2>\n\n<\/div>\n\n<div class=\"gb-grid-wrapper gb-grid-wrapper-fd1f52e9\">\n<div class=\"gb-grid-column gb-grid-column-ef77783b\"><div class=\"gb-container gb-container-ef77783b\">\n<div class=\"gb-container gb-container-10904631\">\n\n<h2 class=\"gb-headline gb-headline-ea0acc2a gb-headline-text\">Song<\/h2>\n\n\n\n<h2 class=\"gb-headline gb-headline-70a1a778 gb-headline-text\">Song za\u010dala svoju cestu tangom v neut\u00edchaj\u00facej metropole New York pred viac ako desa\u0165ro\u010d\u00edm. Odvtedy ju v\u00e1\u0161e\u0148 pre tento expres\u00edvny tanec viedla k tomu, aby cestovala po cel\u00fdm svetom, u\u010dila sa, r\u00e1stla a stret\u00e1vala r\u00f4znorod\u00fdch tane\u010dn\u00edkov. Jej pr\u00edstup k tangu je zalo\u017een\u00fd na citlivosti, \u010d\u00edm vytv\u00e1ra hlbok\u00e9 spojenie s ka\u017ed\u00fdm partnerom, s ktor\u00fdm tancuje. P\u00fd\u0161i sa svojou v\u0161estrannos\u0165ou, v\u010faka ktorej sa dok\u00e1\u017ee plynule prisp\u00f4sobi\u0165 \u0161irokej \u0161k\u00e1le \u0161t\u00fdlov a v\u00fdrazov. Toto glob\u00e1lne p\u00f4sobenie a zanieten\u00e1 prax zdokonalili jej schopnosti a urobili z nej tango tane\u010dnicu, akou je dnes. Song s ve\u013ek\u00fdm nad\u0161en\u00edm prin\u00e1\u0161a do v\u00fdu\u010dby svoj jedine\u010dn\u00fd poh\u013ead.<\/h2>\n\n<\/div>\n<\/div><\/div>\n\n<div class=\"gb-grid-column gb-grid-column-a738dc4d\"><div class=\"gb-container gb-container-a738dc4d\">\n\n<figure class=\"gb-block-image gb-block-image-0dae3ae4\"><img loading=\"lazy\" decoding=\"async\" width=\"615\" height=\"923\" class=\"gb-image gb-image-0dae3ae4\" src=\"https:\/\/www.timetohug.eu\/wp-content\/uploads\/2024\/09\/song_profile2-Copy.jpg\" alt=\"\" title=\"song_profile2 - Copy\" srcset=\"https:\/\/www.timetohug.eu\/wp-content\/uploads\/2024\/09\/song_profile2-Copy.jpg 615w, https:\/\/www.timetohug.eu\/wp-content\/uploads\/2024\/09\/song_profile2-Copy-200x300.jpg 200w, https:\/\/www.timetohug.eu\/wp-content\/uploads\/2024\/09\/song_profile2-Copy-8x12.jpg 8w\" sizes=\"(max-width: 615px) 100vw, 615px\" \/><\/figure>\n\n<\/div><\/div>\n<\/div>\n\n<div class=\"gb-grid-wrapper gb-grid-wrapper-b0cb8966\">\n<div class=\"gb-grid-column gb-grid-column-62dc66fb\"><div class=\"gb-container gb-container-62dc66fb\">\n\n<figure class=\"gb-block-image gb-block-image-d961305c\"><img loading=\"lazy\" decoding=\"async\" width=\"615\" height=\"921\" class=\"gb-image gb-image-d961305c\" src=\"https:\/\/www.timetohug.eu\/wp-content\/uploads\/2024\/09\/pete_profile3-Copy.jpg\" alt=\"\" title=\"pete_profile3 - Copy\" srcset=\"https:\/\/www.timetohug.eu\/wp-content\/uploads\/2024\/09\/pete_profile3-Copy.jpg 615w, https:\/\/www.timetohug.eu\/wp-content\/uploads\/2024\/09\/pete_profile3-Copy-200x300.jpg 200w, https:\/\/www.timetohug.eu\/wp-content\/uploads\/2024\/09\/pete_profile3-Copy-8x12.jpg 8w\" sizes=\"(max-width: 615px) 100vw, 615px\" \/><\/figure>\n\n<\/div><\/div>\n\n<div class=\"gb-grid-column gb-grid-column-c7eaa178\"><div class=\"gb-container gb-container-c7eaa178\">\n<div class=\"gb-container gb-container-3610998e\">\n\n<h2 class=\"gb-headline gb-headline-9a2a45eb gb-headline-text\">Peter<\/h2>\n\n\n\n<h2 class=\"gb-headline gb-headline-7fff8cb6 gb-headline-text\">Peter, rod\u00e1k z Bratislavy, za\u010dal s tangom v roku 2009 a r\u00fdchlo v \u0148om objavil svoju v\u00e1\u0161e\u0148. Od roku 2019 t\u00fato v\u00e1\u0161e\u0148 zdie\u013ea prostredn\u00edctvom skupinov\u00fdch a s\u00fakromn\u00fdch lekci\u00ed. Je zn\u00e1my pre svoje vr\u00facne, ve\u013ekorys\u00e9 objatie a \u0161t\u00fdl v\u00fdu\u010dby, ktor\u00fd kladie d\u00f4raz na citlivos\u0165, stabilitu a kontrolu pohybu, vytv\u00e1ra tak prepojen\u00fd a p\u00fatav\u00fd z\u00e1\u017eitok z u\u010denia. Jeho zmysel pre detail vedie \u0161tudentov k tomu, aby skuto\u010dne c\u00edtili svojho partnera aj hudbu, ka\u017ed\u00fd tanec sa tak st\u00e1va zdie\u013ean\u00fdm momentom pr\u00edtomnosti a plynutia. Okrem v\u00fdu\u010dby sa Peter venuje aj DJ-ovaniu na milong\u00e1ch doma aj v zahrani\u010d\u00ed, kde tane\u010dn\u00edkov dr\u017e\u00ed v dobrej n\u00e1lade a na tane\u010dnom parkete. \u010ci u\u017e ste za\u010diato\u010dn\u00edk alebo sk\u00fasen\u00fd tane\u010dn\u00edk, Petrov pr\u00edstup zaru\u010duje, \u017ee sa tango nielen nau\u010d\u00edte, ale si aj plne u\u017eijete jeho bohatost a eleganciu.<\/h2>\n\n<\/div>\n<\/div><\/div>\n<\/div>\n<\/div>","protected":false},"excerpt":{"rendered":"<p>who we are Song and Peter bring vibrant Tango lessons and workshops to Bratislava and nearby cities, including sessions tailored for university students and businesses. They are the proud hosts of a bi-weekly Sunday Milonga in Bratislava, creating memorable moments for the local Tango community. Their passion for the dance and innovative teaching methods continue [&hellip;]<\/p>","protected":false},"author":1,"featured_media":0,"parent":0,"menu_order":0,"comment_status":"closed","ping_status":"closed","template":"","meta":{"_monsterinsights_skip_tracking":false,"_monsterinsights_sitenote_active":false,"_monsterinsights_sitenote_note":"","_monsterinsights_sitenote_category":0,"footnotes":""},"class_list":["post-1191","page","type-page","status-publish","hentry"],"yoast_head":"<!-- This site is optimized with the Yoast SEO plugin v24.5 - https:\/\/yoast.com\/wordpress\/plugins\/seo\/ -->\n<title>who we are - time to hug<\/title>\n<meta name=\"robots\" content=\"index, follow, max-snippet:-1, max-image-preview:large, max-video-preview:-1\" \/>\n<link rel=\"canonical\" href=\"https:\/\/www.timetohug.eu\/sk\/who-we-are\/\" \/>\n<meta property=\"og:locale\" content=\"sk_SK\" \/>\n<meta property=\"og:type\" content=\"article\" \/>\n<meta property=\"og:title\" content=\"who we are - time to hug\" \/>\n<meta property=\"og:description\" content=\"who we are Song and Peter bring vibrant Tango lessons and workshops to Bratislava and nearby cities, including sessions tailored for university students and businesses. They are the proud hosts of a bi-weekly Sunday Milonga in Bratislava, creating memorable moments for the local Tango community. Their passion for the dance and innovative teaching methods continue [&hellip;]\" \/>\n<meta property=\"og:url\" content=\"https:\/\/www.timetohug.eu\/sk\/who-we-are\/\" \/>\n<meta property=\"og:site_name\" content=\"time to hug\" \/>\n<meta property=\"article:modified_time\" content=\"2024-09-04T11:16:33+00:00\" \/>\n<meta property=\"og:image\" content=\"https:\/\/www.timetohug.eu\/wp-content\/uploads\/2024\/09\/song_profile2-Copy.jpg\" \/>\n<meta name=\"twitter:card\" content=\"summary_large_image\" \/>\n<meta name=\"twitter:label1\" content=\"Predpokladan\u00fd \u010das \u010d\u00edtania\" \/>\n\t<meta name=\"twitter:data1\" content=\"2 min\u00faty\" \/>\n<script type=\"application\/ld+json\" class=\"yoast-schema-graph\">{\"@context\":\"https:\/\/schema.org\",\"@graph\":[{\"@type\":\"WebPage\",\"@id\":\"https:\/\/www.timetohug.eu\/who-we-are\/\",\"url\":\"https:\/\/www.timetohug.eu\/who-we-are\/\",\"name\":\"who we are - time to hug\",\"isPartOf\":{\"@id\":\"https:\/\/www.timetohug.eu\/#website\"},\"primaryImageOfPage\":{\"@id\":\"https:\/\/www.timetohug.eu\/who-we-are\/#primaryimage\"},\"image\":{\"@id\":\"https:\/\/www.timetohug.eu\/who-we-are\/#primaryimage\"},\"thumbnailUrl\":\"https:\/\/www.timetohug.eu\/wp-content\/uploads\/2024\/09\/song_profile2-Copy.jpg\",\"datePublished\":\"2024-08-11T15:26:32+00:00\",\"dateModified\":\"2024-09-04T11:16:33+00:00\",\"breadcrumb\":{\"@id\":\"https:\/\/www.timetohug.eu\/who-we-are\/#breadcrumb\"},\"inLanguage\":\"sk-SK\",\"potentialAction\":[{\"@type\":\"ReadAction\",\"target\":[\"https:\/\/www.timetohug.eu\/who-we-are\/\"]}]},{\"@type\":\"ImageObject\",\"inLanguage\":\"sk-SK\",\"@id\":\"https:\/\/www.timetohug.eu\/who-we-are\/#primaryimage\",\"url\":\"https:\/\/www.timetohug.eu\/wp-content\/uploads\/2024\/09\/song_profile2-Copy.jpg\",\"contentUrl\":\"https:\/\/www.timetohug.eu\/wp-content\/uploads\/2024\/09\/song_profile2-Copy.jpg\"},{\"@type\":\"BreadcrumbList\",\"@id\":\"https:\/\/www.timetohug.eu\/who-we-are\/#breadcrumb\",\"itemListElement\":[{\"@type\":\"ListItem\",\"position\":1,\"name\":\"Home\",\"item\":\"https:\/\/www.timetohug.eu\/\"},{\"@type\":\"ListItem\",\"position\":2,\"name\":\"who we are\"}]},{\"@type\":\"WebSite\",\"@id\":\"https:\/\/www.timetohug.eu\/#website\",\"url\":\"https:\/\/www.timetohug.eu\/\",\"name\":\"time to hug\",\"description\":\"an argentine tango thing\",\"publisher\":{\"@id\":\"https:\/\/www.timetohug.eu\/#organization\"},\"potentialAction\":[{\"@type\":\"SearchAction\",\"target\":{\"@type\":\"EntryPoint\",\"urlTemplate\":\"https:\/\/www.timetohug.eu\/?s={search_term_string}\"},\"query-input\":{\"@type\":\"PropertyValueSpecification\",\"valueRequired\":true,\"valueName\":\"search_term_string\"}}],\"inLanguage\":\"sk-SK\"},{\"@type\":\"Organization\",\"@id\":\"https:\/\/www.timetohug.eu\/#organization\",\"name\":\"time to hug\",\"url\":\"https:\/\/www.timetohug.eu\/\",\"logo\":{\"@type\":\"ImageObject\",\"inLanguage\":\"sk-SK\",\"@id\":\"https:\/\/www.timetohug.eu\/#\/schema\/logo\/image\/\",\"url\":\"https:\/\/www.timetohug.eu\/wp-content\/uploads\/2024\/09\/time-to-hug-transparent-1.png\",\"contentUrl\":\"https:\/\/www.timetohug.eu\/wp-content\/uploads\/2024\/09\/time-to-hug-transparent-1.png\",\"width\":2048,\"height\":512,\"caption\":\"time to hug\"},\"image\":{\"@id\":\"https:\/\/www.timetohug.eu\/#\/schema\/logo\/image\/\"}}]}<\/script>\n<!-- \/ Yoast SEO plugin. -->","yoast_head_json":{"title":"who we are - time to hug","robots":{"index":"index","follow":"follow","max-snippet":"max-snippet:-1","max-image-preview":"max-image-preview:large","max-video-preview":"max-video-preview:-1"},"canonical":"https:\/\/www.timetohug.eu\/sk\/who-we-are\/","og_locale":"sk_SK","og_type":"article","og_title":"who we are - time to hug","og_description":"who we are Song and Peter bring vibrant Tango lessons and workshops to Bratislava and nearby cities, including sessions tailored for university students and businesses. They are the proud hosts of a bi-weekly Sunday Milonga in Bratislava, creating memorable moments for the local Tango community. Their passion for the dance and innovative teaching methods continue [&hellip;]","og_url":"https:\/\/www.timetohug.eu\/sk\/who-we-are\/","og_site_name":"time to hug","article_modified_time":"2024-09-04T11:16:33+00:00","og_image":[{"url":"https:\/\/www.timetohug.eu\/wp-content\/uploads\/2024\/09\/song_profile2-Copy.jpg","type":"","width":"","height":""}],"twitter_card":"summary_large_image","twitter_misc":{"Predpokladan\u00fd \u010das \u010d\u00edtania":"2 min\u00faty"},"schema":{"@context":"https:\/\/schema.org","@graph":[{"@type":"WebPage","@id":"https:\/\/www.timetohug.eu\/who-we-are\/","url":"https:\/\/www.timetohug.eu\/who-we-are\/","name":"who we are - time to hug","isPartOf":{"@id":"https:\/\/www.timetohug.eu\/#website"},"primaryImageOfPage":{"@id":"https:\/\/www.timetohug.eu\/who-we-are\/#primaryimage"},"image":{"@id":"https:\/\/www.timetohug.eu\/who-we-are\/#primaryimage"},"thumbnailUrl":"https:\/\/www.timetohug.eu\/wp-content\/uploads\/2024\/09\/song_profile2-Copy.jpg","datePublished":"2024-08-11T15:26:32+00:00","dateModified":"2024-09-04T11:16:33+00:00","breadcrumb":{"@id":"https:\/\/www.timetohug.eu\/who-we-are\/#breadcrumb"},"inLanguage":"sk-SK","potentialAction":[{"@type":"ReadAction","target":["https:\/\/www.timetohug.eu\/who-we-are\/"]}]},{"@type":"ImageObject","inLanguage":"sk-SK","@id":"https:\/\/www.timetohug.eu\/who-we-are\/#primaryimage","url":"https:\/\/www.timetohug.eu\/wp-content\/uploads\/2024\/09\/song_profile2-Copy.jpg","contentUrl":"https:\/\/www.timetohug.eu\/wp-content\/uploads\/2024\/09\/song_profile2-Copy.jpg"},{"@type":"BreadcrumbList","@id":"https:\/\/www.timetohug.eu\/who-we-are\/#breadcrumb","itemListElement":[{"@type":"ListItem","position":1,"name":"Home","item":"https:\/\/www.timetohug.eu\/"},{"@type":"ListItem","position":2,"name":"who we are"}]},{"@type":"WebSite","@id":"https:\/\/www.timetohug.eu\/#website","url":"https:\/\/www.timetohug.eu\/","name":"time to hug","description":"an argentine tango thing","publisher":{"@id":"https:\/\/www.timetohug.eu\/#organization"},"potentialAction":[{"@type":"SearchAction","target":{"@type":"EntryPoint","urlTemplate":"https:\/\/www.timetohug.eu\/?s={search_term_string}"},"query-input":{"@type":"PropertyValueSpecification","valueRequired":true,"valueName":"search_term_string"}}],"inLanguage":"sk-SK"},{"@type":"Organization","@id":"https:\/\/www.timetohug.eu\/#organization","name":"time to hug","url":"https:\/\/www.timetohug.eu\/","logo":{"@type":"ImageObject","inLanguage":"sk-SK","@id":"https:\/\/www.timetohug.eu\/#\/schema\/logo\/image\/","url":"https:\/\/www.timetohug.eu\/wp-content\/uploads\/2024\/09\/time-to-hug-transparent-1.png","contentUrl":"https:\/\/www.timetohug.eu\/wp-content\/uploads\/2024\/09\/time-to-hug-transparent-1.png","width":2048,"height":512,"caption":"time to hug"},"image":{"@id":"https:\/\/www.timetohug.eu\/#\/schema\/logo\/image\/"}}]}},"_links":{"self":[{"href":"https:\/\/www.timetohug.eu\/sk\/wp-json\/wp\/v2\/pages\/1191"}],"collection":[{"href":"https:\/\/www.timetohug.eu\/sk\/wp-json\/wp\/v2\/pages"}],"about":[{"href":"https:\/\/www.timetohug.eu\/sk\/wp-json\/wp\/v2\/types\/page"}],"author":[{"embeddable":true,"href":"https:\/\/www.timetohug.eu\/sk\/wp-json\/wp\/v2\/users\/1"}],"replies":[{"embeddable":true,"href":"https:\/\/www.timetohug.eu\/sk\/wp-json\/wp\/v2\/comments?post=1191"}],"version-history":[{"count":0,"href":"https:\/\/www.timetohug.eu\/sk\/wp-json\/wp\/v2\/pages\/1191\/revisions"}],"wp:attachment":[{"href":"https:\/\/www.timetohug.eu\/sk\/wp-json\/wp\/v2\/media?parent=1191"}],"curies":[{"name":"wp","href":"https:\/\/api.w.org\/{rel}","templated":true}]}}