{"id":1195,"date":"2024-08-11T15:27:42","date_gmt":"2024-08-11T15:27:42","guid":{"rendered":"http:\/\/timetohug.local\/?page_id=1195"},"modified":"2024-08-11T15:27:42","modified_gmt":"2024-08-11T15:27:42","slug":"events","status":"publish","type":"page","link":"https:\/\/www.timetohug.eu\/sk\/events\/","title":{"rendered":"Udalosti"},"content":{"rendered":"<p>Events we do.<\/p>","protected":false},"excerpt":{"rendered":"<p>Events we do.<\/p>","protected":false},"author":1,"featured_media":0,"parent":0,"menu_order":0,"comment_status":"closed","ping_status":"closed","template":"","meta":{"_monsterinsights_skip_tracking":false,"_monsterinsights_sitenote_active":false,"_monsterinsights_sitenote_note":"","_monsterinsights_sitenote_category":0,"footnotes":""},"class_list":["post-1195","page","type-page","status-publish","hentry"],"yoast_head":"<!-- This site is optimized with the Yoast SEO plugin v24.5 - https:\/\/yoast.com\/wordpress\/plugins\/seo\/ -->\n<title>Events - time to hug<\/title>\n<meta name=\"robots\" content=\"index, follow, max-snippet:-1, max-image-preview:large, max-video-preview:-1\" \/>\n<link rel=\"canonical\" href=\"https:\/\/www.timetohug.eu\/sk\/events\/\" \/>\n<meta property=\"og:locale\" content=\"sk_SK\" \/>\n<meta property=\"og:type\" content=\"article\" \/>\n<meta property=\"og:title\" content=\"Events - time to hug\" \/>\n<meta property=\"og:description\" content=\"Events we do.\" \/>\n<meta property=\"og:url\" content=\"https:\/\/www.timetohug.eu\/sk\/events\/\" \/>\n<meta property=\"og:site_name\" content=\"time to hug\" \/>\n<meta name=\"twitter:card\" content=\"summary_large_image\" \/>\n<meta name=\"twitter:label1\" content=\"Predpokladan\u00fd \u010das \u010d\u00edtania\" \/>\n\t<meta name=\"twitter:data1\" content=\"1 min\u00fata\" \/>\n<script type=\"application\/ld+json\" class=\"yoast-schema-graph\">{\"@context\":\"https:\/\/schema.org\",\"@graph\":[{\"@type\":\"WebPage\",\"@id\":\"https:\/\/www.timetohug.eu\/events\/\",\"url\":\"https:\/\/www.timetohug.eu\/events\/\",\"name\":\"Events - time to hug\",\"isPartOf\":{\"@id\":\"https:\/\/www.timetohug.eu\/#website\"},\"datePublished\":\"2024-08-11T15:27:42+00:00\",\"breadcrumb\":{\"@id\":\"https:\/\/www.timetohug.eu\/events\/#breadcrumb\"},\"inLanguage\":\"sk-SK\",\"potentialAction\":[{\"@type\":\"ReadAction\",\"target\":[\"https:\/\/www.timetohug.eu\/events\/\"]}]},{\"@type\":\"BreadcrumbList\",\"@id\":\"https:\/\/www.timetohug.eu\/events\/#breadcrumb\",\"itemListElement\":[{\"@type\":\"ListItem\",\"position\":1,\"name\":\"Home\",\"item\":\"https:\/\/www.timetohug.eu\/\"},{\"@type\":\"ListItem\",\"position\":2,\"name\":\"Events\"}]},{\"@type\":\"WebSite\",\"@id\":\"https:\/\/www.timetohug.eu\/#website\",\"url\":\"https:\/\/www.timetohug.eu\/\",\"name\":\"time to hug\",\"description\":\"an argentine tango thing\",\"publisher\":{\"@id\":\"https:\/\/www.timetohug.eu\/#organization\"},\"potentialAction\":[{\"@type\":\"SearchAction\",\"target\":{\"@type\":\"EntryPoint\",\"urlTemplate\":\"https:\/\/www.timetohug.eu\/?s={search_term_string}\"},\"query-input\":{\"@type\":\"PropertyValueSpecification\",\"valueRequired\":true,\"valueName\":\"search_term_string\"}}],\"inLanguage\":\"sk-SK\"},{\"@type\":\"Organization\",\"@id\":\"https:\/\/www.timetohug.eu\/#organization\",\"name\":\"time to hug\",\"url\":\"https:\/\/www.timetohug.eu\/\",\"logo\":{\"@type\":\"ImageObject\",\"inLanguage\":\"sk-SK\",\"@id\":\"https:\/\/www.timetohug.eu\/#\/schema\/logo\/image\/\",\"url\":\"https:\/\/www.timetohug.eu\/wp-content\/uploads\/2024\/09\/time-to-hug-transparent-1.png\",\"contentUrl\":\"https:\/\/www.timetohug.eu\/wp-content\/uploads\/2024\/09\/time-to-hug-transparent-1.png\",\"width\":2048,\"height\":512,\"caption\":\"time to hug\"},\"image\":{\"@id\":\"https:\/\/www.timetohug.eu\/#\/schema\/logo\/image\/\"}}]}<\/script>\n<!-- \/ Yoast SEO plugin. -->","yoast_head_json":{"title":"Events - time to hug","robots":{"index":"index","follow":"follow","max-snippet":"max-snippet:-1","max-image-preview":"max-image-preview:large","max-video-preview":"max-video-preview:-1"},"canonical":"https:\/\/www.timetohug.eu\/sk\/events\/","og_locale":"sk_SK","og_type":"article","og_title":"Events - time to hug","og_description":"Events we do.","og_url":"https:\/\/www.timetohug.eu\/sk\/events\/","og_site_name":"time to hug","twitter_card":"summary_large_image","twitter_misc":{"Predpokladan\u00fd \u010das \u010d\u00edtania":"1 min\u00fata"},"schema":{"@context":"https:\/\/schema.org","@graph":[{"@type":"WebPage","@id":"https:\/\/www.timetohug.eu\/events\/","url":"https:\/\/www.timetohug.eu\/events\/","name":"Events - time to hug","isPartOf":{"@id":"https:\/\/www.timetohug.eu\/#website"},"datePublished":"2024-08-11T15:27:42+00:00","breadcrumb":{"@id":"https:\/\/www.timetohug.eu\/events\/#breadcrumb"},"inLanguage":"sk-SK","potentialAction":[{"@type":"ReadAction","target":["https:\/\/www.timetohug.eu\/events\/"]}]},{"@type":"BreadcrumbList","@id":"https:\/\/www.timetohug.eu\/events\/#breadcrumb","itemListElement":[{"@type":"ListItem","position":1,"name":"Home","item":"https:\/\/www.timetohug.eu\/"},{"@type":"ListItem","position":2,"name":"Events"}]},{"@type":"WebSite","@id":"https:\/\/www.timetohug.eu\/#website","url":"https:\/\/www.timetohug.eu\/","name":"time to hug","description":"an argentine tango thing","publisher":{"@id":"https:\/\/www.timetohug.eu\/#organization"},"potentialAction":[{"@type":"SearchAction","target":{"@type":"EntryPoint","urlTemplate":"https:\/\/www.timetohug.eu\/?s={search_term_string}"},"query-input":{"@type":"PropertyValueSpecification","valueRequired":true,"valueName":"search_term_string"}}],"inLanguage":"sk-SK"},{"@type":"Organization","@id":"https:\/\/www.timetohug.eu\/#organization","name":"time to hug","url":"https:\/\/www.timetohug.eu\/","logo":{"@type":"ImageObject","inLanguage":"sk-SK","@id":"https:\/\/www.timetohug.eu\/#\/schema\/logo\/image\/","url":"https:\/\/www.timetohug.eu\/wp-content\/uploads\/2024\/09\/time-to-hug-transparent-1.png","contentUrl":"https:\/\/www.timetohug.eu\/wp-content\/uploads\/2024\/09\/time-to-hug-transparent-1.png","width":2048,"height":512,"caption":"time to hug"},"image":{"@id":"https:\/\/www.timetohug.eu\/#\/schema\/logo\/image\/"}}]}},"_links":{"self":[{"href":"https:\/\/www.timetohug.eu\/sk\/wp-json\/wp\/v2\/pages\/1195"}],"collection":[{"href":"https:\/\/www.timetohug.eu\/sk\/wp-json\/wp\/v2\/pages"}],"about":[{"href":"https:\/\/www.timetohug.eu\/sk\/wp-json\/wp\/v2\/types\/page"}],"author":[{"embeddable":true,"href":"https:\/\/www.timetohug.eu\/sk\/wp-json\/wp\/v2\/users\/1"}],"replies":[{"embeddable":true,"href":"https:\/\/www.timetohug.eu\/sk\/wp-json\/wp\/v2\/comments?post=1195"}],"version-history":[{"count":0,"href":"https:\/\/www.timetohug.eu\/sk\/wp-json\/wp\/v2\/pages\/1195\/revisions"}],"wp:attachment":[{"href":"https:\/\/www.timetohug.eu\/sk\/wp-json\/wp\/v2\/media?parent=1195"}],"curies":[{"name":"wp","href":"https:\/\/api.w.org\/{rel}","templated":true}]}}