{"id":1198,"date":"2024-08-11T15:31:35","date_gmt":"2024-08-11T15:31:35","guid":{"rendered":"http:\/\/timetohug.local\/?page_id=1198"},"modified":"2024-08-11T15:31:35","modified_gmt":"2024-08-11T15:31:35","slug":"privates","status":"publish","type":"page","link":"https:\/\/www.timetohug.eu\/sk\/privates\/","title":{"rendered":""},"content":{"rendered":"<div class=\"gb-container gb-container-563decd4\">\n\n<h2 class=\"gb-headline gb-headline-0aa6c0f0 gb-headline-text\">S\u00fakromn\u00e1 hodina<\/h2>\n\n\n\n<h2 class=\"gb-headline gb-headline-bf05156c gb-headline-text\">Odomkni svoj potenci\u00e1l prostredn\u00edctvom s\u00fakromn\u00fdch hod\u00edn: individu\u00e1lna sp\u00e4tn\u00e1 v\u00e4zba, flexibiln\u00e9 na\u010dasovanie pod\u013ea po\u017eiadaviek a s\u00fastreden\u00fd tr\u00e9ning, ktor\u00fd ti ur\u00fdchli pokrok a zv\u00fd\u0161i tvoju tane\u010dn\u00fa sebad\u00f4veru.<br>Tieto stretnutia s\u00fa u\u0161it\u00e9 na mieru tvojim potreb\u00e1m a s\u00fa navrhnut\u00e9 tak, aby ti pomohli zdokonali\u0165 techniku tanca a efekt\u00edvnej\u0161ie dosiahnu\u0165 tvoje ciele.<\/h2>\n\n\n\n<h2 class=\"gb-headline gb-headline-7c88e0ca gb-headline-text\">Objav Tango, Pod\u013ea Teba<\/h2>\n\n\n\n<h2 class=\"gb-headline gb-headline-4a2dceb7 gb-headline-text\">S\u00fakromn\u00e9 hodiny trvaj\u00fa 60 min\u00fat a s\u00fa ur\u010den\u00e9 pre jednotlivca alebo p\u00e1r.<br><br>Dohodni si s\u00fakromn\u00fa hodinu, zavolaj na <strong>0911 324 113<\/strong><br>alebo po\u0161li mail na <a href=\"mailto:tthtango@gmail.com\">tthtango@gmail.com<\/a><br>alebo vypl\u0148 nasleduj\u00faci formul\u00e1r:<\/h2>\n\n\n\n<div class=\"forminator-guttenberg\"><div class=\"forminator-ui forminator-custom-form forminator-custom-form-1215 forminator-design--flat  forminator_ajax\" data-forminator-render=\"0\" data-form=\"forminator-module-1215\" data-uid=\"69f28e5bdf96c\"><br\/><\/div><form\n\t\t\t\tid=\"forminator-module-1215\"\n\t\t\t\tclass=\"forminator-ui forminator-custom-form forminator-custom-form-1215 forminator-design--flat  forminator_ajax\"\n\t\t\t\tmethod=\"post\"\n\t\t\t\tdata-forminator-render=\"0\"\n\t\t\t\tdata-form-id=\"1215\"\n\t\t\t\t\n\t\t\t\tdata-design=\"flat\"\n\t\t\t\t\n\t\t\t\t\n\t\t\t\t\n\t\t\t\tdata-grid=\"open\"\n\t\t\t\t\n\t\t\t\t\n\t\t\t\tstyle=\"display: none;\"\n\t\t\t\t\n\t\t\t\tdata-uid=\"69f28e5bdf96c\" action=\"\"\n\t\t\t><div role=\"alert\" aria-live=\"polite\" class=\"forminator-response-message forminator-error\" aria-hidden=\"true\"><\/div><div class=\"forminator-row\"><div id=\"name-1\" class=\"forminator-field-name forminator-col forminator-col-12\"><div class=\"forminator-field\"><label for=\"forminator-field-name-1_69f28e5bdf96c\" id=\"forminator-field-name-1_69f28e5bdf96c-label\" class=\"forminator-label\">Meno <span class=\"forminator-required\">*<\/span><\/label><input type=\"text\" name=\"name-1\" value=\"\" placeholder=\"napr. J\u00e1n\" id=\"forminator-field-name-1_69f28e5bdf96c\" class=\"forminator-input forminator-name--field\" aria-required=\"true\" \/><\/div><\/div><\/div><div class=\"forminator-row\"><div id=\"email-1\" class=\"forminator-field-email forminator-col forminator-col-12\"><div class=\"forminator-field\"><label for=\"forminator-field-email-1_69f28e5bdf96c\" id=\"forminator-field-email-1_69f28e5bdf96c-label\" class=\"forminator-label\">Email <span class=\"forminator-required\">*<\/span><\/label><input type=\"email\" name=\"email-1\" value=\"\" placeholder=\"napr. jan.kovac@gmail.com\" id=\"forminator-field-email-1_69f28e5bdf96c\" class=\"forminator-input forminator-email--field\" data-required=\"true\" aria-required=\"true\" \/><\/div><\/div><\/div><div class=\"forminator-row\"><div id=\"phone-1\" class=\"forminator-field-phone forminator-col forminator-col-12\"><div class=\"forminator-field\"><label for=\"forminator-field-phone-1_69f28e5bdf96c\" id=\"forminator-field-phone-1_69f28e5bdf96c-label\" class=\"forminator-label\">Telef\u00f3n<\/label><input type=\"text\" name=\"phone-1\" value=\"\" placeholder=\"napr. 0909 123 123\" id=\"forminator-field-phone-1_69f28e5bdf96c\" class=\"forminator-input forminator-field--phone\" data-required=\"\" aria-required=\"false\" autocomplete=\"off\" \/><\/div><\/div><\/div><div class=\"forminator-row\"><div id=\"textarea-1\" class=\"forminator-field-textarea forminator-col forminator-col-12\"><div class=\"forminator-field\"><label for=\"forminator-field-textarea-1_69f28e5bdf96c\" id=\"forminator-field-textarea-1_69f28e5bdf96c-label\" class=\"forminator-label\">Spr\u00e1va<\/label><textarea name=\"textarea-1\" placeholder=\"Nap\u00ed\u0161te spr\u00e1vu ..\" id=\"forminator-field-textarea-1_69f28e5bdf96c\" class=\"forminator-textarea\" rows=\"6\" style=\"min-height:140px;\" maxlength=\"180\" ><\/textarea><span id=\"forminator-field-textarea-1_69f28e5bdf96c-description\" class=\"forminator-description\"><span data-limit=\"180\" data-type=\"characters\" data-editor=\"\">0 \/ 180<\/span><\/span><\/div><\/div><\/div><input type=\"hidden\" name=\"referer_url\" value=\"\" \/><div class=\"forminator-row forminator-row-last\"><div class=\"forminator-col\"><div class=\"forminator-field\"><button class=\"forminator-button forminator-button-submit\">Odo\u0161li spr\u00e1vu<\/button><\/div><\/div><\/div><input type=\"hidden\" id=\"forminator_nonce\" name=\"forminator_nonce\" value=\"6a06520550\" \/><input type=\"hidden\" name=\"_wp_http_referer\" value=\"\/sk\/wp-json\/wp\/v2\/pages\/1198\" \/><input type=\"hidden\" name=\"form_id\" value=\"1215\"><input type=\"hidden\" name=\"page_id\" value=\"1198\"><input type=\"hidden\" name=\"form_type\" value=\"default\"><input type=\"hidden\" name=\"current_url\" value=\"https:\/\/www.timetohug.eu\/sk\/privates\/\"><input type=\"hidden\" name=\"render_id\" value=\"0\"><input type=\"hidden\" name=\"action\" value=\"forminator_submit_form_custom-forms\"><input type=\"hidden\" name=\"trp-form-language\" value=\"sk\"\/><\/form><\/div>\n\n<\/div>","protected":false},"excerpt":{"rendered":"<p>Private session Unlock your potential with private sessions: enjoy personalized feedback, flexible scheduling, and targeted training that accelerates your progress and builds your confidence.Tailored specifically to your needs, these sessions are designed to help you refine techniques and achieve your goals more effectively. Discover Tango, Your Way Private sessions are 1 hour long for up [&hellip;]<\/p>","protected":false},"author":1,"featured_media":0,"parent":0,"menu_order":0,"comment_status":"closed","ping_status":"closed","template":"","meta":{"_monsterinsights_skip_tracking":false,"_monsterinsights_sitenote_active":false,"_monsterinsights_sitenote_note":"","_monsterinsights_sitenote_category":0,"footnotes":""},"class_list":["post-1198","page","type-page","status-publish","hentry"],"yoast_head":"<!-- This site is optimized with the Yoast SEO plugin v24.5 - https:\/\/yoast.com\/wordpress\/plugins\/seo\/ -->\n<title>Privates - time to hug<\/title>\n<meta name=\"robots\" content=\"index, follow, max-snippet:-1, max-image-preview:large, max-video-preview:-1\" \/>\n<link rel=\"canonical\" href=\"https:\/\/www.timetohug.eu\/sk\/privates\/\" \/>\n<meta property=\"og:locale\" content=\"sk_SK\" \/>\n<meta property=\"og:type\" content=\"article\" \/>\n<meta property=\"og:title\" content=\"Privates - time to hug\" \/>\n<meta property=\"og:description\" content=\"Private session Unlock your potential with private sessions: enjoy personalized feedback, flexible scheduling, and targeted training that accelerates your progress and builds your confidence.Tailored specifically to your needs, these sessions are designed to help you refine techniques and achieve your goals more effectively. Discover Tango, Your Way Private sessions are 1 hour long for up [&hellip;]\" \/>\n<meta property=\"og:url\" content=\"https:\/\/www.timetohug.eu\/sk\/privates\/\" \/>\n<meta property=\"og:site_name\" content=\"time to hug\" \/>\n<meta name=\"twitter:card\" content=\"summary_large_image\" \/>\n<meta name=\"twitter:label1\" content=\"Predpokladan\u00fd \u010das \u010d\u00edtania\" \/>\n\t<meta name=\"twitter:data1\" content=\"1 min\u00fata\" \/>\n<script type=\"application\/ld+json\" class=\"yoast-schema-graph\">{\"@context\":\"https:\/\/schema.org\",\"@graph\":[{\"@type\":\"WebPage\",\"@id\":\"https:\/\/www.timetohug.eu\/privates\/\",\"url\":\"https:\/\/www.timetohug.eu\/privates\/\",\"name\":\"Privates - time to hug\",\"isPartOf\":{\"@id\":\"https:\/\/www.timetohug.eu\/#website\"},\"datePublished\":\"2024-08-11T15:31:35+00:00\",\"breadcrumb\":{\"@id\":\"https:\/\/www.timetohug.eu\/privates\/#breadcrumb\"},\"inLanguage\":\"sk-SK\",\"potentialAction\":[{\"@type\":\"ReadAction\",\"target\":[\"https:\/\/www.timetohug.eu\/privates\/\"]}]},{\"@type\":\"BreadcrumbList\",\"@id\":\"https:\/\/www.timetohug.eu\/privates\/#breadcrumb\",\"itemListElement\":[{\"@type\":\"ListItem\",\"position\":1,\"name\":\"Home\",\"item\":\"https:\/\/www.timetohug.eu\/\"},{\"@type\":\"ListItem\",\"position\":2,\"name\":\"Privates\"}]},{\"@type\":\"WebSite\",\"@id\":\"https:\/\/www.timetohug.eu\/#website\",\"url\":\"https:\/\/www.timetohug.eu\/\",\"name\":\"time to hug\",\"description\":\"an argentine tango thing\",\"publisher\":{\"@id\":\"https:\/\/www.timetohug.eu\/#organization\"},\"potentialAction\":[{\"@type\":\"SearchAction\",\"target\":{\"@type\":\"EntryPoint\",\"urlTemplate\":\"https:\/\/www.timetohug.eu\/?s={search_term_string}\"},\"query-input\":{\"@type\":\"PropertyValueSpecification\",\"valueRequired\":true,\"valueName\":\"search_term_string\"}}],\"inLanguage\":\"sk-SK\"},{\"@type\":\"Organization\",\"@id\":\"https:\/\/www.timetohug.eu\/#organization\",\"name\":\"time to hug\",\"url\":\"https:\/\/www.timetohug.eu\/\",\"logo\":{\"@type\":\"ImageObject\",\"inLanguage\":\"sk-SK\",\"@id\":\"https:\/\/www.timetohug.eu\/#\/schema\/logo\/image\/\",\"url\":\"https:\/\/www.timetohug.eu\/wp-content\/uploads\/2024\/09\/time-to-hug-transparent-1.png\",\"contentUrl\":\"https:\/\/www.timetohug.eu\/wp-content\/uploads\/2024\/09\/time-to-hug-transparent-1.png\",\"width\":2048,\"height\":512,\"caption\":\"time to hug\"},\"image\":{\"@id\":\"https:\/\/www.timetohug.eu\/#\/schema\/logo\/image\/\"}}]}<\/script>\n<!-- \/ Yoast SEO plugin. -->","yoast_head_json":{"title":"Privates - time to hug","robots":{"index":"index","follow":"follow","max-snippet":"max-snippet:-1","max-image-preview":"max-image-preview:large","max-video-preview":"max-video-preview:-1"},"canonical":"https:\/\/www.timetohug.eu\/sk\/privates\/","og_locale":"sk_SK","og_type":"article","og_title":"Privates - time to hug","og_description":"Private session Unlock your potential with private sessions: enjoy personalized feedback, flexible scheduling, and targeted training that accelerates your progress and builds your confidence.Tailored specifically to your needs, these sessions are designed to help you refine techniques and achieve your goals more effectively. Discover Tango, Your Way Private sessions are 1 hour long for up [&hellip;]","og_url":"https:\/\/www.timetohug.eu\/sk\/privates\/","og_site_name":"time to hug","twitter_card":"summary_large_image","twitter_misc":{"Predpokladan\u00fd \u010das \u010d\u00edtania":"1 min\u00fata"},"schema":{"@context":"https:\/\/schema.org","@graph":[{"@type":"WebPage","@id":"https:\/\/www.timetohug.eu\/privates\/","url":"https:\/\/www.timetohug.eu\/privates\/","name":"Privates - time to hug","isPartOf":{"@id":"https:\/\/www.timetohug.eu\/#website"},"datePublished":"2024-08-11T15:31:35+00:00","breadcrumb":{"@id":"https:\/\/www.timetohug.eu\/privates\/#breadcrumb"},"inLanguage":"sk-SK","potentialAction":[{"@type":"ReadAction","target":["https:\/\/www.timetohug.eu\/privates\/"]}]},{"@type":"BreadcrumbList","@id":"https:\/\/www.timetohug.eu\/privates\/#breadcrumb","itemListElement":[{"@type":"ListItem","position":1,"name":"Home","item":"https:\/\/www.timetohug.eu\/"},{"@type":"ListItem","position":2,"name":"Privates"}]},{"@type":"WebSite","@id":"https:\/\/www.timetohug.eu\/#website","url":"https:\/\/www.timetohug.eu\/","name":"time to hug","description":"an argentine tango thing","publisher":{"@id":"https:\/\/www.timetohug.eu\/#organization"},"potentialAction":[{"@type":"SearchAction","target":{"@type":"EntryPoint","urlTemplate":"https:\/\/www.timetohug.eu\/?s={search_term_string}"},"query-input":{"@type":"PropertyValueSpecification","valueRequired":true,"valueName":"search_term_string"}}],"inLanguage":"sk-SK"},{"@type":"Organization","@id":"https:\/\/www.timetohug.eu\/#organization","name":"time to hug","url":"https:\/\/www.timetohug.eu\/","logo":{"@type":"ImageObject","inLanguage":"sk-SK","@id":"https:\/\/www.timetohug.eu\/#\/schema\/logo\/image\/","url":"https:\/\/www.timetohug.eu\/wp-content\/uploads\/2024\/09\/time-to-hug-transparent-1.png","contentUrl":"https:\/\/www.timetohug.eu\/wp-content\/uploads\/2024\/09\/time-to-hug-transparent-1.png","width":2048,"height":512,"caption":"time to hug"},"image":{"@id":"https:\/\/www.timetohug.eu\/#\/schema\/logo\/image\/"}}]}},"_links":{"self":[{"href":"https:\/\/www.timetohug.eu\/sk\/wp-json\/wp\/v2\/pages\/1198"}],"collection":[{"href":"https:\/\/www.timetohug.eu\/sk\/wp-json\/wp\/v2\/pages"}],"about":[{"href":"https:\/\/www.timetohug.eu\/sk\/wp-json\/wp\/v2\/types\/page"}],"author":[{"embeddable":true,"href":"https:\/\/www.timetohug.eu\/sk\/wp-json\/wp\/v2\/users\/1"}],"replies":[{"embeddable":true,"href":"https:\/\/www.timetohug.eu\/sk\/wp-json\/wp\/v2\/comments?post=1198"}],"version-history":[{"count":0,"href":"https:\/\/www.timetohug.eu\/sk\/wp-json\/wp\/v2\/pages\/1198\/revisions"}],"wp:attachment":[{"href":"https:\/\/www.timetohug.eu\/sk\/wp-json\/wp\/v2\/media?parent=1198"}],"curies":[{"name":"wp","href":"https:\/\/api.w.org\/{rel}","templated":true}]}}