{"id":1200,"date":"2024-08-11T15:32:08","date_gmt":"2024-08-11T15:32:08","guid":{"rendered":"http:\/\/timetohug.local\/?page_id=1200"},"modified":"2025-02-05T10:46:38","modified_gmt":"2025-02-05T10:46:38","slug":"seminar","status":"publish","type":"page","link":"https:\/\/www.timetohug.eu\/sk\/seminar\/","title":{"rendered":""},"content":{"rendered":"<div class=\"gb-container gb-container-df530275\">\n\n<h2 class=\"gb-headline gb-headline-bc953bb9 gb-headline-text\">TDS &#8211; YOUR DANCE, YOUR WAY<\/h2>\n\n\n\n<h2 class=\"gb-headline gb-headline-fe8145c3 gb-headline-text\">Term\u00edn: 14:00 - 17:00, 22. febru\u00e1r, alebo 8. alebo 29. marec (vyber si vyhovuj\u00faci term\u00edn na registra\u010dnom formul\u00e1ri)<br><\/h2>\n\n\n\n<figure class=\"gb-block-image gb-block-image-4427b522\"><img loading=\"lazy\" decoding=\"async\" width=\"1024\" height=\"576\" class=\"gb-image gb-image-4427b522\" src=\"https:\/\/www.timetohug.eu\/wp-content\/uploads\/2025\/02\/tds-your-dance-your-way-1024x576.jpg\" alt=\"\" title=\"tds - your dance your way\" srcset=\"https:\/\/www.timetohug.eu\/wp-content\/uploads\/2025\/02\/tds-your-dance-your-way-1024x576.jpg 1024w, https:\/\/www.timetohug.eu\/wp-content\/uploads\/2025\/02\/tds-your-dance-your-way-300x169.jpg 300w, https:\/\/www.timetohug.eu\/wp-content\/uploads\/2025\/02\/tds-your-dance-your-way-768x432.jpg 768w, https:\/\/www.timetohug.eu\/wp-content\/uploads\/2025\/02\/tds-your-dance-your-way-50x28.jpg 50w, https:\/\/www.timetohug.eu\/wp-content\/uploads\/2025\/02\/tds-your-dance-your-way-18x10.jpg 18w, https:\/\/www.timetohug.eu\/wp-content\/uploads\/2025\/02\/tds-your-dance-your-way.jpg 1280w\" sizes=\"(max-width: 1024px) 100vw, 1024px\" \/><\/figure>\n\n\n\n<h2 class=\"gb-headline gb-headline-8022cda8 gb-headline-text\"><br>Str\u00e1vte s nami sobotn\u00e9 popoludnie a objavte, kto ste ako tane\u010dn\u00edk\/tane\u010dnica. Na chv\u00ed\u013eu sa vzdajte nah\u00e1\u0148ania za dokonalos\u0165ou a zvyku tr\u00e1pi\u0165 sa t\u00fdm, \u010do sa zd\u00e1 by\u0165 \u0165a\u017ek\u00e9 alebo nedosiahnute\u013en\u00e9. Namiesto toho si dovo\u013ete slobodu pohybu bez o\u010dak\u00e1van\u00ed a bez posudzovania. \u010co objav\u00edte, ke\u010f sa vzd\u00e1te krokov a jednoducho len tancujete? Vyu\u017eite pr\u00edle\u017eitos\u0165 spoji\u0165 sa s va\u0161\u00edm jedine\u010dn\u00fdm \u0161t\u00fdlom, kreativitou a osl\u00e1vte kr\u00e1su pohybu v jeho naj\u00faprimnej\u0161ej podobe.<br><br>- registr\u00e1cia povinn\u00e1<br>- aj bez partnera<br>- obmedzen\u00fd po\u010det \u00fa\u010dastn\u00edkov<br><br>Viac inform\u00e1ci\u00ed, v\u00fdber term\u00ednu a registr\u00e1cia tu:<br><a href=\"https:\/\/forms.gle\/ohr9udCLVPc7UNEDA?fbclid=IwZXh0bgNhZW0CMTAAAR3upsDP8VU3vHuDfoPDutWGmwyQaINfK2XdMDRSDXsznm8UaKTginAmhPE_aem_TnHtBYcS22aUlXCV4CwqNQ\" target=\"_blank\" rel=\"noreferrer noopener\">https:\/\/forms.gle\/ohr9udCLVPc7UNEDA<\/a><br><br><a href=\"https:\/\/www.facebook.com\/events\/1162652128781325\">Facebook udalos\u0165<\/a><\/h2>\n\n<\/div>","protected":false},"excerpt":{"rendered":"<p>TDS &#8211; YOUR DANCE, YOUR WAY Event Timing: 14:00 &#8211; 17:00 on Feb 22 or March 8 or 29 (pick your preference in the registration form!) Spend a Saturday afternoon with us to discover who you are as a dancer. Take a moment to let go of the pursuit of perfection and the habit of [&hellip;]<\/p>","protected":false},"author":1,"featured_media":0,"parent":0,"menu_order":0,"comment_status":"closed","ping_status":"closed","template":"","meta":{"_monsterinsights_skip_tracking":false,"_monsterinsights_sitenote_active":false,"_monsterinsights_sitenote_note":"","_monsterinsights_sitenote_category":0,"footnotes":""},"class_list":["post-1200","page","type-page","status-publish","hentry"],"yoast_head":"<!-- This site is optimized with the Yoast SEO plugin v24.5 - https:\/\/yoast.com\/wordpress\/plugins\/seo\/ -->\n<title>Seminar - time to hug<\/title>\n<meta name=\"robots\" content=\"index, follow, max-snippet:-1, max-image-preview:large, max-video-preview:-1\" \/>\n<link rel=\"canonical\" href=\"https:\/\/www.timetohug.eu\/sk\/seminar\/\" \/>\n<meta property=\"og:locale\" content=\"sk_SK\" \/>\n<meta property=\"og:type\" content=\"article\" \/>\n<meta property=\"og:title\" content=\"Seminar - time to hug\" \/>\n<meta property=\"og:description\" content=\"TDS &#8211; YOUR DANCE, YOUR WAY Event Timing: 14:00 &#8211; 17:00 on Feb 22 or March 8 or 29 (pick your preference in the registration form!) Spend a Saturday afternoon with us to discover who you are as a dancer. Take a moment to let go of the pursuit of perfection and the habit of [&hellip;]\" \/>\n<meta property=\"og:url\" content=\"https:\/\/www.timetohug.eu\/sk\/seminar\/\" \/>\n<meta property=\"og:site_name\" content=\"time to hug\" \/>\n<meta property=\"article:modified_time\" content=\"2025-02-05T10:46:38+00:00\" \/>\n<meta property=\"og:image\" content=\"https:\/\/www.timetohug.eu\/wp-content\/uploads\/2025\/02\/tds-your-dance-your-way-1024x576.jpg\" \/>\n<meta name=\"twitter:card\" content=\"summary_large_image\" \/>\n<meta name=\"twitter:label1\" content=\"Predpokladan\u00fd \u010das \u010d\u00edtania\" \/>\n\t<meta name=\"twitter:data1\" content=\"1 min\u00fata\" \/>\n<script type=\"application\/ld+json\" class=\"yoast-schema-graph\">{\"@context\":\"https:\/\/schema.org\",\"@graph\":[{\"@type\":\"WebPage\",\"@id\":\"https:\/\/www.timetohug.eu\/seminar\/\",\"url\":\"https:\/\/www.timetohug.eu\/seminar\/\",\"name\":\"Seminar - time to hug\",\"isPartOf\":{\"@id\":\"https:\/\/www.timetohug.eu\/#website\"},\"primaryImageOfPage\":{\"@id\":\"https:\/\/www.timetohug.eu\/seminar\/#primaryimage\"},\"image\":{\"@id\":\"https:\/\/www.timetohug.eu\/seminar\/#primaryimage\"},\"thumbnailUrl\":\"https:\/\/www.timetohug.eu\/wp-content\/uploads\/2025\/02\/tds-your-dance-your-way-1024x576.jpg\",\"datePublished\":\"2024-08-11T15:32:08+00:00\",\"dateModified\":\"2025-02-05T10:46:38+00:00\",\"breadcrumb\":{\"@id\":\"https:\/\/www.timetohug.eu\/seminar\/#breadcrumb\"},\"inLanguage\":\"sk-SK\",\"potentialAction\":[{\"@type\":\"ReadAction\",\"target\":[\"https:\/\/www.timetohug.eu\/seminar\/\"]}]},{\"@type\":\"ImageObject\",\"inLanguage\":\"sk-SK\",\"@id\":\"https:\/\/www.timetohug.eu\/seminar\/#primaryimage\",\"url\":\"https:\/\/www.timetohug.eu\/wp-content\/uploads\/2025\/02\/tds-your-dance-your-way-1024x576.jpg\",\"contentUrl\":\"https:\/\/www.timetohug.eu\/wp-content\/uploads\/2025\/02\/tds-your-dance-your-way-1024x576.jpg\"},{\"@type\":\"BreadcrumbList\",\"@id\":\"https:\/\/www.timetohug.eu\/seminar\/#breadcrumb\",\"itemListElement\":[{\"@type\":\"ListItem\",\"position\":1,\"name\":\"Home\",\"item\":\"https:\/\/www.timetohug.eu\/\"},{\"@type\":\"ListItem\",\"position\":2,\"name\":\"Seminar\"}]},{\"@type\":\"WebSite\",\"@id\":\"https:\/\/www.timetohug.eu\/#website\",\"url\":\"https:\/\/www.timetohug.eu\/\",\"name\":\"time to hug\",\"description\":\"an argentine tango thing\",\"publisher\":{\"@id\":\"https:\/\/www.timetohug.eu\/#organization\"},\"potentialAction\":[{\"@type\":\"SearchAction\",\"target\":{\"@type\":\"EntryPoint\",\"urlTemplate\":\"https:\/\/www.timetohug.eu\/?s={search_term_string}\"},\"query-input\":{\"@type\":\"PropertyValueSpecification\",\"valueRequired\":true,\"valueName\":\"search_term_string\"}}],\"inLanguage\":\"sk-SK\"},{\"@type\":\"Organization\",\"@id\":\"https:\/\/www.timetohug.eu\/#organization\",\"name\":\"time to hug\",\"url\":\"https:\/\/www.timetohug.eu\/\",\"logo\":{\"@type\":\"ImageObject\",\"inLanguage\":\"sk-SK\",\"@id\":\"https:\/\/www.timetohug.eu\/#\/schema\/logo\/image\/\",\"url\":\"https:\/\/www.timetohug.eu\/wp-content\/uploads\/2024\/09\/time-to-hug-transparent-1.png\",\"contentUrl\":\"https:\/\/www.timetohug.eu\/wp-content\/uploads\/2024\/09\/time-to-hug-transparent-1.png\",\"width\":2048,\"height\":512,\"caption\":\"time to hug\"},\"image\":{\"@id\":\"https:\/\/www.timetohug.eu\/#\/schema\/logo\/image\/\"}}]}<\/script>\n<!-- \/ Yoast SEO plugin. -->","yoast_head_json":{"title":"Seminar - time to hug","robots":{"index":"index","follow":"follow","max-snippet":"max-snippet:-1","max-image-preview":"max-image-preview:large","max-video-preview":"max-video-preview:-1"},"canonical":"https:\/\/www.timetohug.eu\/sk\/seminar\/","og_locale":"sk_SK","og_type":"article","og_title":"Seminar - time to hug","og_description":"TDS &#8211; YOUR DANCE, YOUR WAY Event Timing: 14:00 &#8211; 17:00 on Feb 22 or March 8 or 29 (pick your preference in the registration form!) Spend a Saturday afternoon with us to discover who you are as a dancer. Take a moment to let go of the pursuit of perfection and the habit of [&hellip;]","og_url":"https:\/\/www.timetohug.eu\/sk\/seminar\/","og_site_name":"time to hug","article_modified_time":"2025-02-05T10:46:38+00:00","og_image":[{"url":"https:\/\/www.timetohug.eu\/wp-content\/uploads\/2025\/02\/tds-your-dance-your-way-1024x576.jpg","type":"","width":"","height":""}],"twitter_card":"summary_large_image","twitter_misc":{"Predpokladan\u00fd \u010das \u010d\u00edtania":"1 min\u00fata"},"schema":{"@context":"https:\/\/schema.org","@graph":[{"@type":"WebPage","@id":"https:\/\/www.timetohug.eu\/seminar\/","url":"https:\/\/www.timetohug.eu\/seminar\/","name":"Seminar - time to hug","isPartOf":{"@id":"https:\/\/www.timetohug.eu\/#website"},"primaryImageOfPage":{"@id":"https:\/\/www.timetohug.eu\/seminar\/#primaryimage"},"image":{"@id":"https:\/\/www.timetohug.eu\/seminar\/#primaryimage"},"thumbnailUrl":"https:\/\/www.timetohug.eu\/wp-content\/uploads\/2025\/02\/tds-your-dance-your-way-1024x576.jpg","datePublished":"2024-08-11T15:32:08+00:00","dateModified":"2025-02-05T10:46:38+00:00","breadcrumb":{"@id":"https:\/\/www.timetohug.eu\/seminar\/#breadcrumb"},"inLanguage":"sk-SK","potentialAction":[{"@type":"ReadAction","target":["https:\/\/www.timetohug.eu\/seminar\/"]}]},{"@type":"ImageObject","inLanguage":"sk-SK","@id":"https:\/\/www.timetohug.eu\/seminar\/#primaryimage","url":"https:\/\/www.timetohug.eu\/wp-content\/uploads\/2025\/02\/tds-your-dance-your-way-1024x576.jpg","contentUrl":"https:\/\/www.timetohug.eu\/wp-content\/uploads\/2025\/02\/tds-your-dance-your-way-1024x576.jpg"},{"@type":"BreadcrumbList","@id":"https:\/\/www.timetohug.eu\/seminar\/#breadcrumb","itemListElement":[{"@type":"ListItem","position":1,"name":"Home","item":"https:\/\/www.timetohug.eu\/"},{"@type":"ListItem","position":2,"name":"Seminar"}]},{"@type":"WebSite","@id":"https:\/\/www.timetohug.eu\/#website","url":"https:\/\/www.timetohug.eu\/","name":"time to hug","description":"an argentine tango thing","publisher":{"@id":"https:\/\/www.timetohug.eu\/#organization"},"potentialAction":[{"@type":"SearchAction","target":{"@type":"EntryPoint","urlTemplate":"https:\/\/www.timetohug.eu\/?s={search_term_string}"},"query-input":{"@type":"PropertyValueSpecification","valueRequired":true,"valueName":"search_term_string"}}],"inLanguage":"sk-SK"},{"@type":"Organization","@id":"https:\/\/www.timetohug.eu\/#organization","name":"time to hug","url":"https:\/\/www.timetohug.eu\/","logo":{"@type":"ImageObject","inLanguage":"sk-SK","@id":"https:\/\/www.timetohug.eu\/#\/schema\/logo\/image\/","url":"https:\/\/www.timetohug.eu\/wp-content\/uploads\/2024\/09\/time-to-hug-transparent-1.png","contentUrl":"https:\/\/www.timetohug.eu\/wp-content\/uploads\/2024\/09\/time-to-hug-transparent-1.png","width":2048,"height":512,"caption":"time to hug"},"image":{"@id":"https:\/\/www.timetohug.eu\/#\/schema\/logo\/image\/"}}]}},"_links":{"self":[{"href":"https:\/\/www.timetohug.eu\/sk\/wp-json\/wp\/v2\/pages\/1200"}],"collection":[{"href":"https:\/\/www.timetohug.eu\/sk\/wp-json\/wp\/v2\/pages"}],"about":[{"href":"https:\/\/www.timetohug.eu\/sk\/wp-json\/wp\/v2\/types\/page"}],"author":[{"embeddable":true,"href":"https:\/\/www.timetohug.eu\/sk\/wp-json\/wp\/v2\/users\/1"}],"replies":[{"embeddable":true,"href":"https:\/\/www.timetohug.eu\/sk\/wp-json\/wp\/v2\/comments?post=1200"}],"version-history":[{"count":0,"href":"https:\/\/www.timetohug.eu\/sk\/wp-json\/wp\/v2\/pages\/1200\/revisions"}],"wp:attachment":[{"href":"https:\/\/www.timetohug.eu\/sk\/wp-json\/wp\/v2\/media?parent=1200"}],"curies":[{"name":"wp","href":"https:\/\/api.w.org\/{rel}","templated":true}]}}