{"id":45,"date":"2024-08-10T15:03:05","date_gmt":"2024-08-10T15:03:05","guid":{"rendered":"http:\/\/timetohug.local\/offerings\/"},"modified":"2024-09-03T22:09:16","modified_gmt":"2024-09-03T22:09:16","slug":"custom-tango-experience","status":"publish","type":"page","link":"https:\/\/www.timetohug.eu\/sk\/custom-tango-experience\/","title":{"rendered":""},"content":{"rendered":"<div class=\"gb-container gb-container-e49c551a\">\n\n<h2 class=\"gb-headline gb-headline-5f1644f1 gb-headline-text\">Tango z\u00e1\u017eitok na mieru<\/h2>\n\n\n<div class=\"gb-container gb-container-baf20e74 alignwide\"><\/div>\n\n\n<h2 class=\"gb-headline gb-headline-d2d9ff7e gb-headline-text\">Oboha\u0165te svoj firemn\u00fd\/univerzitn\u00fd wellness program s na\u0161imi na mieru \u0161it\u00fdmi lekciami tanga, navrhnut\u00fdmi \u0161peci\u00e1lne pre mal\u00e9 skupiny. Tango je nie len elegantn\u00fd a p\u00fatav\u00fd tanec, ale aj \u00fa\u010dinn\u00fd n\u00e1stroj na budovanie t\u00edmu, odb\u00faravanie stresu a zlep\u0161ovanie v\u0161eobecnej pohody.<br><br>Na\u0161e na mieru \u0161it\u00e9 stretnutia pon\u00fakaj\u00fa jedine\u010dn\u00fa kombin\u00e1ciu fyzickej aktivity a ment\u00e1lnej stimul\u00e1cie a s\u00fa ide\u00e1lne na posilnenie t\u00edmovej s\u00fadr\u017enosti a podporu pozit\u00edvneho pracovn\u00e9ho prostredia. Ka\u017ed\u00e1 lekcia je prisp\u00f4soben\u00e1 potreb\u00e1m va\u0161ej organiz\u00e1cie a zameriava sa na:<br><br><strong>Team building:<\/strong> Posilnenie vz\u0165ahov a komunika\u010dn\u00fdch zru\u010dnost\u00ed medzi kolegami\/\u0161tudentmi cez nutnos\u0165 spolupr\u00e1ce a re\u0161pektu v tane\u010dnom p\u00e1re.<br><br><strong>Uvo\u013enenie stresu:<\/strong> Tango ako z\u00e1bavn\u00fd a \u00fa\u010dinn\u00fd prostriedok na relax a odb\u00faranie stresu v pozit\u00edvnom prostred\u00ed.<br><br><strong>Fyzick\u00e9 zdravie:<\/strong> Zlep\u0161enie celkovej fyzickej kond\u00edcie a rozvoj koordin\u00e1cie cez pestr\u00e9 a zauj\u00edmav\u00e9 tane\u010dn\u00e9 cvi\u010denia.<br><br><strong>Tvorivos\u0165 a Sebavedomie:<\/strong> Rozv\u00edjanie tvorivosti a sebad\u00f4very, podnecovanie sebavyjadrenia a nekonven\u010dn\u00e9ho myslenia.<br><br>Na\u0161i sk\u00fasen\u00ed in\u0161truktori v\u00e1m pom\u00f4\u017eu pri n\u00e1vrhu programu, ktor\u00fd bude v s\u00falade s potrebami, cie\u013emi a \u010dasov\u00fdm harmonogramom va\u0161ej organiz\u00e1cie. Dodajte v\u00e1\u0161mu firemn\u00e9mu\/univerzitn\u00e9mu wellness programu eleganciu a v\u00e1\u0161e\u0148 tanga, \u010d\u00edm vytvor\u00edte pestr\u00e9 a modern\u00e9 pracovn\u00e9 prostredie.<\/h2>\n\n\n\n<h2 class=\"gb-headline gb-headline-4a2dceb7 gb-headline-text\">V pr\u00edpade z\u00e1ujmu o Tango z\u00e1\u017eitok na mieru n\u00e1m volajte na <strong>0911 324 113<\/strong><br>alebo n\u00e1m po\u0161lite mail na <a href=\"mailto:tthtango@gmail.com\">tthtango@gmail.com<\/a><br>alebo vypl\u0148te nasleduj\u00faci formul\u00e1r:<\/h2>\n\n\n\n<div class=\"forminator-guttenberg\"><div class=\"forminator-ui forminator-custom-form forminator-custom-form-1215 forminator-design--flat  forminator_ajax\" data-forminator-render=\"0\" data-form=\"forminator-module-1215\" data-uid=\"69f2947e47851\"><br\/><\/div><form\n\t\t\t\tid=\"forminator-module-1215\"\n\t\t\t\tclass=\"forminator-ui forminator-custom-form forminator-custom-form-1215 forminator-design--flat  forminator_ajax\"\n\t\t\t\tmethod=\"post\"\n\t\t\t\tdata-forminator-render=\"0\"\n\t\t\t\tdata-form-id=\"1215\"\n\t\t\t\t\n\t\t\t\tdata-design=\"flat\"\n\t\t\t\t\n\t\t\t\t\n\t\t\t\t\n\t\t\t\tdata-grid=\"open\"\n\t\t\t\t\n\t\t\t\t\n\t\t\t\tstyle=\"display: none;\"\n\t\t\t\t\n\t\t\t\tdata-uid=\"69f2947e47851\" action=\"\"\n\t\t\t><div role=\"alert\" aria-live=\"polite\" class=\"forminator-response-message forminator-error\" aria-hidden=\"true\"><\/div><div class=\"forminator-row\"><div id=\"name-1\" class=\"forminator-field-name forminator-col forminator-col-12\"><div class=\"forminator-field\"><label for=\"forminator-field-name-1_69f2947e47851\" id=\"forminator-field-name-1_69f2947e47851-label\" class=\"forminator-label\">Meno <span class=\"forminator-required\">*<\/span><\/label><input type=\"text\" name=\"name-1\" value=\"\" placeholder=\"napr. J\u00e1n\" id=\"forminator-field-name-1_69f2947e47851\" class=\"forminator-input forminator-name--field\" aria-required=\"true\" \/><\/div><\/div><\/div><div class=\"forminator-row\"><div id=\"email-1\" class=\"forminator-field-email forminator-col forminator-col-12\"><div class=\"forminator-field\"><label for=\"forminator-field-email-1_69f2947e47851\" id=\"forminator-field-email-1_69f2947e47851-label\" class=\"forminator-label\">Email <span class=\"forminator-required\">*<\/span><\/label><input type=\"email\" name=\"email-1\" value=\"\" placeholder=\"napr. jan.kovac@gmail.com\" id=\"forminator-field-email-1_69f2947e47851\" class=\"forminator-input forminator-email--field\" data-required=\"true\" aria-required=\"true\" \/><\/div><\/div><\/div><div class=\"forminator-row\"><div id=\"phone-1\" class=\"forminator-field-phone forminator-col forminator-col-12\"><div class=\"forminator-field\"><label for=\"forminator-field-phone-1_69f2947e47851\" id=\"forminator-field-phone-1_69f2947e47851-label\" class=\"forminator-label\">Telef\u00f3n<\/label><input type=\"text\" name=\"phone-1\" value=\"\" placeholder=\"napr. 0909 123 123\" id=\"forminator-field-phone-1_69f2947e47851\" class=\"forminator-input forminator-field--phone\" data-required=\"\" aria-required=\"false\" autocomplete=\"off\" \/><\/div><\/div><\/div><div class=\"forminator-row\"><div id=\"textarea-1\" class=\"forminator-field-textarea forminator-col forminator-col-12\"><div class=\"forminator-field\"><label for=\"forminator-field-textarea-1_69f2947e47851\" id=\"forminator-field-textarea-1_69f2947e47851-label\" class=\"forminator-label\">Spr\u00e1va<\/label><textarea name=\"textarea-1\" placeholder=\"Nap\u00ed\u0161te spr\u00e1vu ..\" id=\"forminator-field-textarea-1_69f2947e47851\" class=\"forminator-textarea\" rows=\"6\" style=\"min-height:140px;\" maxlength=\"180\" ><\/textarea><span id=\"forminator-field-textarea-1_69f2947e47851-description\" class=\"forminator-description\"><span data-limit=\"180\" data-type=\"characters\" data-editor=\"\">0 \/ 180<\/span><\/span><\/div><\/div><\/div><input type=\"hidden\" name=\"referer_url\" value=\"\" \/><div class=\"forminator-row forminator-row-last\"><div class=\"forminator-col\"><div class=\"forminator-field\"><button class=\"forminator-button forminator-button-submit\">Odo\u0161li spr\u00e1vu<\/button><\/div><\/div><\/div><input type=\"hidden\" id=\"forminator_nonce\" name=\"forminator_nonce\" value=\"6a06520550\" \/><input type=\"hidden\" name=\"_wp_http_referer\" value=\"\/sk\/wp-json\/wp\/v2\/pages\/45\" \/><input type=\"hidden\" name=\"form_id\" value=\"1215\"><input type=\"hidden\" name=\"page_id\" value=\"45\"><input type=\"hidden\" name=\"form_type\" value=\"default\"><input type=\"hidden\" name=\"current_url\" value=\"https:\/\/www.timetohug.eu\/sk\/custom-tango-experience\/\"><input type=\"hidden\" name=\"render_id\" value=\"0\"><input type=\"hidden\" name=\"action\" value=\"forminator_submit_form_custom-forms\"><input type=\"hidden\" name=\"trp-form-language\" value=\"sk\"\/><\/form><\/div>\n\n<\/div>","protected":false},"excerpt":{"rendered":"<p>Custom Tango Experience Elevate your corporate\/university wellness program with our custom tango lessons, designed specifically for small groups. Tango is not only a graceful and engaging dance but also a powerful tool for team building, stress relief, and enhancing workplace morale. Our tailored sessions offer a unique blend of physical activity and mental stimulation, perfect [&hellip;]<\/p>","protected":false},"author":1,"featured_media":0,"parent":0,"menu_order":0,"comment_status":"closed","ping_status":"closed","template":"","meta":{"_monsterinsights_skip_tracking":false,"_monsterinsights_sitenote_active":false,"_monsterinsights_sitenote_note":"","_monsterinsights_sitenote_category":0,"footnotes":""},"class_list":["post-45","page","type-page","status-publish","hentry"],"yoast_head":"<!-- This site is optimized with the Yoast SEO plugin v24.5 - https:\/\/yoast.com\/wordpress\/plugins\/seo\/ -->\n<title>Custom tango experience - time to hug<\/title>\n<meta name=\"robots\" content=\"index, follow, max-snippet:-1, max-image-preview:large, max-video-preview:-1\" \/>\n<link rel=\"canonical\" href=\"https:\/\/www.timetohug.eu\/sk\/custom-tango-experience\/\" \/>\n<meta property=\"og:locale\" content=\"sk_SK\" \/>\n<meta property=\"og:type\" content=\"article\" \/>\n<meta property=\"og:title\" content=\"Custom tango experience - time to hug\" \/>\n<meta property=\"og:description\" content=\"Custom Tango Experience Elevate your corporate\/university wellness program with our custom tango lessons, designed specifically for small groups. Tango is not only a graceful and engaging dance but also a powerful tool for team building, stress relief, and enhancing workplace morale. Our tailored sessions offer a unique blend of physical activity and mental stimulation, perfect [&hellip;]\" \/>\n<meta property=\"og:url\" content=\"https:\/\/www.timetohug.eu\/sk\/custom-tango-experience\/\" \/>\n<meta property=\"og:site_name\" content=\"time to hug\" \/>\n<meta property=\"article:modified_time\" content=\"2024-09-03T22:09:16+00:00\" \/>\n<meta name=\"twitter:card\" content=\"summary_large_image\" \/>\n<meta name=\"twitter:label1\" content=\"Predpokladan\u00fd \u010das \u010d\u00edtania\" \/>\n\t<meta name=\"twitter:data1\" content=\"1 min\u00fata\" \/>\n<script type=\"application\/ld+json\" class=\"yoast-schema-graph\">{\"@context\":\"https:\/\/schema.org\",\"@graph\":[{\"@type\":\"WebPage\",\"@id\":\"https:\/\/www.timetohug.eu\/custom-tango-experience\/\",\"url\":\"https:\/\/www.timetohug.eu\/custom-tango-experience\/\",\"name\":\"Custom tango experience - time to hug\",\"isPartOf\":{\"@id\":\"https:\/\/www.timetohug.eu\/#website\"},\"datePublished\":\"2024-08-10T15:03:05+00:00\",\"dateModified\":\"2024-09-03T22:09:16+00:00\",\"breadcrumb\":{\"@id\":\"https:\/\/www.timetohug.eu\/custom-tango-experience\/#breadcrumb\"},\"inLanguage\":\"sk-SK\",\"potentialAction\":[{\"@type\":\"ReadAction\",\"target\":[\"https:\/\/www.timetohug.eu\/custom-tango-experience\/\"]}]},{\"@type\":\"BreadcrumbList\",\"@id\":\"https:\/\/www.timetohug.eu\/custom-tango-experience\/#breadcrumb\",\"itemListElement\":[{\"@type\":\"ListItem\",\"position\":1,\"name\":\"Home\",\"item\":\"https:\/\/www.timetohug.eu\/\"},{\"@type\":\"ListItem\",\"position\":2,\"name\":\"Custom tango experience\"}]},{\"@type\":\"WebSite\",\"@id\":\"https:\/\/www.timetohug.eu\/#website\",\"url\":\"https:\/\/www.timetohug.eu\/\",\"name\":\"time to hug\",\"description\":\"an argentine tango thing\",\"publisher\":{\"@id\":\"https:\/\/www.timetohug.eu\/#organization\"},\"potentialAction\":[{\"@type\":\"SearchAction\",\"target\":{\"@type\":\"EntryPoint\",\"urlTemplate\":\"https:\/\/www.timetohug.eu\/?s={search_term_string}\"},\"query-input\":{\"@type\":\"PropertyValueSpecification\",\"valueRequired\":true,\"valueName\":\"search_term_string\"}}],\"inLanguage\":\"sk-SK\"},{\"@type\":\"Organization\",\"@id\":\"https:\/\/www.timetohug.eu\/#organization\",\"name\":\"time to hug\",\"url\":\"https:\/\/www.timetohug.eu\/\",\"logo\":{\"@type\":\"ImageObject\",\"inLanguage\":\"sk-SK\",\"@id\":\"https:\/\/www.timetohug.eu\/#\/schema\/logo\/image\/\",\"url\":\"https:\/\/www.timetohug.eu\/wp-content\/uploads\/2024\/09\/time-to-hug-transparent-1.png\",\"contentUrl\":\"https:\/\/www.timetohug.eu\/wp-content\/uploads\/2024\/09\/time-to-hug-transparent-1.png\",\"width\":2048,\"height\":512,\"caption\":\"time to hug\"},\"image\":{\"@id\":\"https:\/\/www.timetohug.eu\/#\/schema\/logo\/image\/\"}}]}<\/script>\n<!-- \/ Yoast SEO plugin. -->","yoast_head_json":{"title":"Custom tango experience - time to hug","robots":{"index":"index","follow":"follow","max-snippet":"max-snippet:-1","max-image-preview":"max-image-preview:large","max-video-preview":"max-video-preview:-1"},"canonical":"https:\/\/www.timetohug.eu\/sk\/custom-tango-experience\/","og_locale":"sk_SK","og_type":"article","og_title":"Custom tango experience - time to hug","og_description":"Custom Tango Experience Elevate your corporate\/university wellness program with our custom tango lessons, designed specifically for small groups. Tango is not only a graceful and engaging dance but also a powerful tool for team building, stress relief, and enhancing workplace morale. Our tailored sessions offer a unique blend of physical activity and mental stimulation, perfect [&hellip;]","og_url":"https:\/\/www.timetohug.eu\/sk\/custom-tango-experience\/","og_site_name":"time to hug","article_modified_time":"2024-09-03T22:09:16+00:00","twitter_card":"summary_large_image","twitter_misc":{"Predpokladan\u00fd \u010das \u010d\u00edtania":"1 min\u00fata"},"schema":{"@context":"https:\/\/schema.org","@graph":[{"@type":"WebPage","@id":"https:\/\/www.timetohug.eu\/custom-tango-experience\/","url":"https:\/\/www.timetohug.eu\/custom-tango-experience\/","name":"Custom tango experience - time to hug","isPartOf":{"@id":"https:\/\/www.timetohug.eu\/#website"},"datePublished":"2024-08-10T15:03:05+00:00","dateModified":"2024-09-03T22:09:16+00:00","breadcrumb":{"@id":"https:\/\/www.timetohug.eu\/custom-tango-experience\/#breadcrumb"},"inLanguage":"sk-SK","potentialAction":[{"@type":"ReadAction","target":["https:\/\/www.timetohug.eu\/custom-tango-experience\/"]}]},{"@type":"BreadcrumbList","@id":"https:\/\/www.timetohug.eu\/custom-tango-experience\/#breadcrumb","itemListElement":[{"@type":"ListItem","position":1,"name":"Home","item":"https:\/\/www.timetohug.eu\/"},{"@type":"ListItem","position":2,"name":"Custom tango experience"}]},{"@type":"WebSite","@id":"https:\/\/www.timetohug.eu\/#website","url":"https:\/\/www.timetohug.eu\/","name":"time to hug","description":"an argentine tango thing","publisher":{"@id":"https:\/\/www.timetohug.eu\/#organization"},"potentialAction":[{"@type":"SearchAction","target":{"@type":"EntryPoint","urlTemplate":"https:\/\/www.timetohug.eu\/?s={search_term_string}"},"query-input":{"@type":"PropertyValueSpecification","valueRequired":true,"valueName":"search_term_string"}}],"inLanguage":"sk-SK"},{"@type":"Organization","@id":"https:\/\/www.timetohug.eu\/#organization","name":"time to hug","url":"https:\/\/www.timetohug.eu\/","logo":{"@type":"ImageObject","inLanguage":"sk-SK","@id":"https:\/\/www.timetohug.eu\/#\/schema\/logo\/image\/","url":"https:\/\/www.timetohug.eu\/wp-content\/uploads\/2024\/09\/time-to-hug-transparent-1.png","contentUrl":"https:\/\/www.timetohug.eu\/wp-content\/uploads\/2024\/09\/time-to-hug-transparent-1.png","width":2048,"height":512,"caption":"time to hug"},"image":{"@id":"https:\/\/www.timetohug.eu\/#\/schema\/logo\/image\/"}}]}},"_links":{"self":[{"href":"https:\/\/www.timetohug.eu\/sk\/wp-json\/wp\/v2\/pages\/45"}],"collection":[{"href":"https:\/\/www.timetohug.eu\/sk\/wp-json\/wp\/v2\/pages"}],"about":[{"href":"https:\/\/www.timetohug.eu\/sk\/wp-json\/wp\/v2\/types\/page"}],"author":[{"embeddable":true,"href":"https:\/\/www.timetohug.eu\/sk\/wp-json\/wp\/v2\/users\/1"}],"replies":[{"embeddable":true,"href":"https:\/\/www.timetohug.eu\/sk\/wp-json\/wp\/v2\/comments?post=45"}],"version-history":[{"count":0,"href":"https:\/\/www.timetohug.eu\/sk\/wp-json\/wp\/v2\/pages\/45\/revisions"}],"wp:attachment":[{"href":"https:\/\/www.timetohug.eu\/sk\/wp-json\/wp\/v2\/media?parent=45"}],"curies":[{"name":"wp","href":"https:\/\/api.w.org\/{rel}","templated":true}]}}