{"id":46,"date":"2024-08-10T15:03:05","date_gmt":"2024-08-10T15:03:05","guid":{"rendered":"http:\/\/timetohug.local\/contact\/"},"modified":"2024-08-10T15:03:05","modified_gmt":"2024-08-10T15:03:05","slug":"contact","status":"publish","type":"page","link":"https:\/\/www.timetohug.eu\/sk\/contact\/","title":{"rendered":""},"content":{"rendered":"<div class=\"gb-container gb-container-36383716\">\n\n<h2 class=\"gb-headline gb-headline-83c6a32b gb-headline-text\">Kontakt<\/h2>\n\n\n\n<h2 class=\"gb-headline gb-headline-7563e778 gb-headline-text\">Nev\u00e1hajte sa na n\u00e1s obr\u00e1ti\u0165, volajte na <strong>0911 324 113<\/strong><br>alebo po\u0161lite mail na <a href=\"mailto:tthtango@gmail.com\">tthtango@gmail.com<\/a><br>alebo vypl\u0148te nasleduj\u00faci formul\u00e1r<\/h2>\n\n\n\n<div class=\"forminator-guttenberg\"><div class=\"forminator-ui forminator-custom-form forminator-custom-form-1215 forminator-design--flat  forminator_ajax\" data-forminator-render=\"0\" data-form=\"forminator-module-1215\" data-uid=\"69f2a6d362b43\"><br\/><\/div><form\n\t\t\t\tid=\"forminator-module-1215\"\n\t\t\t\tclass=\"forminator-ui forminator-custom-form forminator-custom-form-1215 forminator-design--flat  forminator_ajax\"\n\t\t\t\tmethod=\"post\"\n\t\t\t\tdata-forminator-render=\"0\"\n\t\t\t\tdata-form-id=\"1215\"\n\t\t\t\t\n\t\t\t\tdata-design=\"flat\"\n\t\t\t\t\n\t\t\t\t\n\t\t\t\t\n\t\t\t\tdata-grid=\"open\"\n\t\t\t\t\n\t\t\t\t\n\t\t\t\tstyle=\"display: none;\"\n\t\t\t\t\n\t\t\t\tdata-uid=\"69f2a6d362b43\" action=\"\"\n\t\t\t><div role=\"alert\" aria-live=\"polite\" class=\"forminator-response-message forminator-error\" aria-hidden=\"true\"><\/div><div class=\"forminator-row\"><div id=\"name-1\" class=\"forminator-field-name forminator-col forminator-col-12\"><div class=\"forminator-field\"><label for=\"forminator-field-name-1_69f2a6d362b43\" id=\"forminator-field-name-1_69f2a6d362b43-label\" class=\"forminator-label\">Meno <span class=\"forminator-required\">*<\/span><\/label><input type=\"text\" name=\"name-1\" value=\"\" placeholder=\"napr. J\u00e1n\" id=\"forminator-field-name-1_69f2a6d362b43\" class=\"forminator-input forminator-name--field\" aria-required=\"true\" \/><\/div><\/div><\/div><div class=\"forminator-row\"><div id=\"email-1\" class=\"forminator-field-email forminator-col forminator-col-12\"><div class=\"forminator-field\"><label for=\"forminator-field-email-1_69f2a6d362b43\" id=\"forminator-field-email-1_69f2a6d362b43-label\" class=\"forminator-label\">Email <span class=\"forminator-required\">*<\/span><\/label><input type=\"email\" name=\"email-1\" value=\"\" placeholder=\"napr. jan.kovac@gmail.com\" id=\"forminator-field-email-1_69f2a6d362b43\" class=\"forminator-input forminator-email--field\" data-required=\"true\" aria-required=\"true\" \/><\/div><\/div><\/div><div class=\"forminator-row\"><div id=\"phone-1\" class=\"forminator-field-phone forminator-col forminator-col-12\"><div class=\"forminator-field\"><label for=\"forminator-field-phone-1_69f2a6d362b43\" id=\"forminator-field-phone-1_69f2a6d362b43-label\" class=\"forminator-label\">Telef\u00f3n<\/label><input type=\"text\" name=\"phone-1\" value=\"\" placeholder=\"napr. 0909 123 123\" id=\"forminator-field-phone-1_69f2a6d362b43\" class=\"forminator-input forminator-field--phone\" data-required=\"\" aria-required=\"false\" autocomplete=\"off\" \/><\/div><\/div><\/div><div class=\"forminator-row\"><div id=\"textarea-1\" class=\"forminator-field-textarea forminator-col forminator-col-12\"><div class=\"forminator-field\"><label for=\"forminator-field-textarea-1_69f2a6d362b43\" id=\"forminator-field-textarea-1_69f2a6d362b43-label\" class=\"forminator-label\">Spr\u00e1va<\/label><textarea name=\"textarea-1\" placeholder=\"Nap\u00ed\u0161te spr\u00e1vu ..\" id=\"forminator-field-textarea-1_69f2a6d362b43\" class=\"forminator-textarea\" rows=\"6\" style=\"min-height:140px;\" maxlength=\"180\" ><\/textarea><span id=\"forminator-field-textarea-1_69f2a6d362b43-description\" class=\"forminator-description\"><span data-limit=\"180\" data-type=\"characters\" data-editor=\"\">0 \/ 180<\/span><\/span><\/div><\/div><\/div><input type=\"hidden\" name=\"referer_url\" value=\"\" \/><div class=\"forminator-row forminator-row-last\"><div class=\"forminator-col\"><div class=\"forminator-field\"><button class=\"forminator-button forminator-button-submit\">Odo\u0161li spr\u00e1vu<\/button><\/div><\/div><\/div><input type=\"hidden\" id=\"forminator_nonce\" name=\"forminator_nonce\" value=\"a04510ca7d\" \/><input type=\"hidden\" name=\"_wp_http_referer\" value=\"\/sk\/wp-json\/wp\/v2\/pages\/46\" \/><input type=\"hidden\" name=\"form_id\" value=\"1215\"><input type=\"hidden\" name=\"page_id\" value=\"46\"><input type=\"hidden\" name=\"form_type\" value=\"default\"><input type=\"hidden\" name=\"current_url\" value=\"https:\/\/www.timetohug.eu\/sk\/contact\/\"><input type=\"hidden\" name=\"render_id\" value=\"0\"><input type=\"hidden\" name=\"action\" value=\"forminator_submit_form_custom-forms\"><input type=\"hidden\" name=\"trp-form-language\" value=\"sk\"\/><\/form><\/div>\n\n<\/div>","protected":false},"excerpt":{"rendered":"<p>Contact Please do not hesitate to get in touch by calling us at 0911 324 113or sending us an email at tthtango@gmail.comor by filling out the following form<\/p>","protected":false},"author":1,"featured_media":0,"parent":0,"menu_order":0,"comment_status":"closed","ping_status":"closed","template":"","meta":{"_monsterinsights_skip_tracking":false,"_monsterinsights_sitenote_active":false,"_monsterinsights_sitenote_note":"","_monsterinsights_sitenote_category":0,"footnotes":""},"class_list":["post-46","page","type-page","status-publish","hentry"],"yoast_head":"<!-- This site is optimized with the Yoast SEO plugin v24.5 - https:\/\/yoast.com\/wordpress\/plugins\/seo\/ -->\n<title>Contact - time to hug<\/title>\n<meta name=\"robots\" content=\"index, follow, max-snippet:-1, max-image-preview:large, max-video-preview:-1\" \/>\n<link rel=\"canonical\" href=\"https:\/\/www.timetohug.eu\/sk\/contact\/\" \/>\n<meta property=\"og:locale\" content=\"sk_SK\" \/>\n<meta property=\"og:type\" content=\"article\" \/>\n<meta property=\"og:title\" content=\"Contact - time to hug\" \/>\n<meta property=\"og:description\" content=\"Contact Please do not hesitate to get in touch by calling us at 0911 324 113or sending us an email at tthtango@gmail.comor by filling out the following form\" \/>\n<meta property=\"og:url\" content=\"https:\/\/www.timetohug.eu\/sk\/contact\/\" \/>\n<meta property=\"og:site_name\" content=\"time to hug\" \/>\n<meta name=\"twitter:card\" content=\"summary_large_image\" \/>\n<meta name=\"twitter:label1\" content=\"Predpokladan\u00fd \u010das \u010d\u00edtania\" \/>\n\t<meta name=\"twitter:data1\" content=\"1 min\u00fata\" \/>\n<script type=\"application\/ld+json\" class=\"yoast-schema-graph\">{\"@context\":\"https:\/\/schema.org\",\"@graph\":[{\"@type\":\"WebPage\",\"@id\":\"https:\/\/www.timetohug.eu\/contact\/\",\"url\":\"https:\/\/www.timetohug.eu\/contact\/\",\"name\":\"Contact - time to hug\",\"isPartOf\":{\"@id\":\"https:\/\/www.timetohug.eu\/#website\"},\"datePublished\":\"2024-08-10T15:03:05+00:00\",\"breadcrumb\":{\"@id\":\"https:\/\/www.timetohug.eu\/contact\/#breadcrumb\"},\"inLanguage\":\"sk-SK\",\"potentialAction\":[{\"@type\":\"ReadAction\",\"target\":[\"https:\/\/www.timetohug.eu\/contact\/\"]}]},{\"@type\":\"BreadcrumbList\",\"@id\":\"https:\/\/www.timetohug.eu\/contact\/#breadcrumb\",\"itemListElement\":[{\"@type\":\"ListItem\",\"position\":1,\"name\":\"Home\",\"item\":\"https:\/\/www.timetohug.eu\/\"},{\"@type\":\"ListItem\",\"position\":2,\"name\":\"Contact\"}]},{\"@type\":\"WebSite\",\"@id\":\"https:\/\/www.timetohug.eu\/#website\",\"url\":\"https:\/\/www.timetohug.eu\/\",\"name\":\"time to hug\",\"description\":\"an argentine tango thing\",\"publisher\":{\"@id\":\"https:\/\/www.timetohug.eu\/#organization\"},\"potentialAction\":[{\"@type\":\"SearchAction\",\"target\":{\"@type\":\"EntryPoint\",\"urlTemplate\":\"https:\/\/www.timetohug.eu\/?s={search_term_string}\"},\"query-input\":{\"@type\":\"PropertyValueSpecification\",\"valueRequired\":true,\"valueName\":\"search_term_string\"}}],\"inLanguage\":\"sk-SK\"},{\"@type\":\"Organization\",\"@id\":\"https:\/\/www.timetohug.eu\/#organization\",\"name\":\"time to hug\",\"url\":\"https:\/\/www.timetohug.eu\/\",\"logo\":{\"@type\":\"ImageObject\",\"inLanguage\":\"sk-SK\",\"@id\":\"https:\/\/www.timetohug.eu\/#\/schema\/logo\/image\/\",\"url\":\"https:\/\/www.timetohug.eu\/wp-content\/uploads\/2024\/09\/time-to-hug-transparent-1.png\",\"contentUrl\":\"https:\/\/www.timetohug.eu\/wp-content\/uploads\/2024\/09\/time-to-hug-transparent-1.png\",\"width\":2048,\"height\":512,\"caption\":\"time to hug\"},\"image\":{\"@id\":\"https:\/\/www.timetohug.eu\/#\/schema\/logo\/image\/\"}}]}<\/script>\n<!-- \/ Yoast SEO plugin. -->","yoast_head_json":{"title":"Contact - time to hug","robots":{"index":"index","follow":"follow","max-snippet":"max-snippet:-1","max-image-preview":"max-image-preview:large","max-video-preview":"max-video-preview:-1"},"canonical":"https:\/\/www.timetohug.eu\/sk\/contact\/","og_locale":"sk_SK","og_type":"article","og_title":"Contact - time to hug","og_description":"Contact Please do not hesitate to get in touch by calling us at 0911 324 113or sending us an email at tthtango@gmail.comor by filling out the following form","og_url":"https:\/\/www.timetohug.eu\/sk\/contact\/","og_site_name":"time to hug","twitter_card":"summary_large_image","twitter_misc":{"Predpokladan\u00fd \u010das \u010d\u00edtania":"1 min\u00fata"},"schema":{"@context":"https:\/\/schema.org","@graph":[{"@type":"WebPage","@id":"https:\/\/www.timetohug.eu\/contact\/","url":"https:\/\/www.timetohug.eu\/contact\/","name":"Contact - time to hug","isPartOf":{"@id":"https:\/\/www.timetohug.eu\/#website"},"datePublished":"2024-08-10T15:03:05+00:00","breadcrumb":{"@id":"https:\/\/www.timetohug.eu\/contact\/#breadcrumb"},"inLanguage":"sk-SK","potentialAction":[{"@type":"ReadAction","target":["https:\/\/www.timetohug.eu\/contact\/"]}]},{"@type":"BreadcrumbList","@id":"https:\/\/www.timetohug.eu\/contact\/#breadcrumb","itemListElement":[{"@type":"ListItem","position":1,"name":"Home","item":"https:\/\/www.timetohug.eu\/"},{"@type":"ListItem","position":2,"name":"Contact"}]},{"@type":"WebSite","@id":"https:\/\/www.timetohug.eu\/#website","url":"https:\/\/www.timetohug.eu\/","name":"time to hug","description":"an argentine tango thing","publisher":{"@id":"https:\/\/www.timetohug.eu\/#organization"},"potentialAction":[{"@type":"SearchAction","target":{"@type":"EntryPoint","urlTemplate":"https:\/\/www.timetohug.eu\/?s={search_term_string}"},"query-input":{"@type":"PropertyValueSpecification","valueRequired":true,"valueName":"search_term_string"}}],"inLanguage":"sk-SK"},{"@type":"Organization","@id":"https:\/\/www.timetohug.eu\/#organization","name":"time to hug","url":"https:\/\/www.timetohug.eu\/","logo":{"@type":"ImageObject","inLanguage":"sk-SK","@id":"https:\/\/www.timetohug.eu\/#\/schema\/logo\/image\/","url":"https:\/\/www.timetohug.eu\/wp-content\/uploads\/2024\/09\/time-to-hug-transparent-1.png","contentUrl":"https:\/\/www.timetohug.eu\/wp-content\/uploads\/2024\/09\/time-to-hug-transparent-1.png","width":2048,"height":512,"caption":"time to hug"},"image":{"@id":"https:\/\/www.timetohug.eu\/#\/schema\/logo\/image\/"}}]}},"_links":{"self":[{"href":"https:\/\/www.timetohug.eu\/sk\/wp-json\/wp\/v2\/pages\/46"}],"collection":[{"href":"https:\/\/www.timetohug.eu\/sk\/wp-json\/wp\/v2\/pages"}],"about":[{"href":"https:\/\/www.timetohug.eu\/sk\/wp-json\/wp\/v2\/types\/page"}],"author":[{"embeddable":true,"href":"https:\/\/www.timetohug.eu\/sk\/wp-json\/wp\/v2\/users\/1"}],"replies":[{"embeddable":true,"href":"https:\/\/www.timetohug.eu\/sk\/wp-json\/wp\/v2\/comments?post=46"}],"version-history":[{"count":0,"href":"https:\/\/www.timetohug.eu\/sk\/wp-json\/wp\/v2\/pages\/46\/revisions"}],"wp:attachment":[{"href":"https:\/\/www.timetohug.eu\/sk\/wp-json\/wp\/v2\/media?parent=46"}],"curies":[{"name":"wp","href":"https:\/\/api.w.org\/{rel}","templated":true}]}}